{"id":3214,"date":"2024-08-24T22:59:26","date_gmt":"2024-08-24T22:59:26","guid":{"rendered":"https:\/\/vastervikmobilservice.se\/produkt\/flatat-balte-sand\/"},"modified":"2026-01-29T18:46:34","modified_gmt":"2026-01-29T18:46:34","slug":"flatat-balte-sand","status":"publish","type":"product","link":"https:\/\/vastervikmobilservice.se\/?product=flatat-balte-sand","title":{"rendered":"Fl\u00e4tat b\u00e4lte | Sand"},"content":{"rendered":"<p><strong class=\"mob-view\" style=\"font-weight: 400;font-family: Helvetica, sans-serif;font-size: 14px;font-style: normal;letter-spacing: normal;text-align: start;text-indent: 0px;text-transform: none;text-decoration: none\">\u2713 100% veganskt material<br \/>\n\u2713 Svensk design<br \/>\n\u2713 1-3 dagars leverans<br \/>\n\u2713 30 dagars retur<br \/>\n\u2713 Betala enkelt med Klarna<\/strong><\/p>\n<p class=\"visually-hidden\" data-loader-status=\"\" aria-live=\"assertive\" role=\"alert\" aria-hidden=\"true\" style=\"margin: -1px;font-size: 0.92857em;overflow: hidden;height: 1px;width: 1px;padding: 0px;border: 0px;position: absolute !important;font-family: Helvetica, sans-serif;font-style: normal;font-weight: 300;letter-spacing: normal;text-align: start;text-indent: 0px;text-transform: none;text-decoration: none\">L\u00e4gger till produkten i din varukorg<\/p>\n<div class=\"product-single__description rte\" style=\"margin-bottom: 0px;margin-top: 30px;font-family: Helvetica, sans-serif;font-size: 14px;font-style: normal;font-weight: 300;letter-spacing: normal;text-align: start;text-indent: 0px;text-transform: none;text-decoration: none\">\n<p style=\"margin: 0px 0px 19.44444px;font-size: 0.92857em\">Ett snyggt fl\u00e4tat sk\u00e4rp passar till b\u00e5de vardag och fest, b\u00e5de till jeans och mer dressat. Med ett f\u00e4rgat b\u00e4lte \u00e4r det enkelt att variera stilen och matcha med skor, strumpor eller varf\u00f6r inte br\u00f6stn\u00e4sduk. V\u00e5ra fl\u00e4tade b\u00e4lten \u00e4r<span class=\"Apple-converted-space\">&nbsp;<\/span><span data-mce-fragment=\"1\">elastiska<\/span><span class=\"Apple-converted-space\">&nbsp;<\/span>och&nbsp;passar de flesta storlekar.\n<\/p>\n<p style=\"margin: 0px;font-size: 0.92857em\">L\u00e4ngd: 110 cm (passar bra till byxstorlek 30-36)<br \/>\nBredd: 3,3 cm<br \/>\nF\u00e4rg: Sand \/ Ljusbeige<br \/>\n<span data-mce-fragment=\"1\">Material: Textil, veganskt PU-l\u00e4der&nbsp;<\/span><span>och metall<\/span><\/p>\n<\/div>\n","protected":false},"excerpt":{"rendered":"<p>\u2713 100% veganskt material \u2713 Svensk design \u2713 1-3 dagars leverans \u2713 30 dagars retur \u2713 Betala enkelt med Klarna L\u00e4gger till produkten i din varukorg Ett snyggt fl\u00e4tat sk\u00e4rp passar till b\u00e5de vardag och fest, b\u00e5de till jeans och mer dressat. Med ett f\u00e4rgat b\u00e4lte \u00e4r det enkelt att variera stilen och matcha med [&hellip;]<\/p>\n","protected":false},"featured_media":3212,"comment_status":"open","ping_status":"closed","template":"","meta":{"iawp_total_views":10},"product_brand":[],"product_cat":[31,95,93],"product_tag":[],"class_list":{"0":"post-3214","1":"product","2":"type-product","3":"status-publish","4":"has-post-thumbnail","6":"product_cat-okategoriserad","7":"product_cat-flatade-balten","8":"product_cat-herman-accessory","10":"first","11":"instock","12":"sale","13":"taxable","14":"shipping-taxable","15":"purchasable","16":"product-type-simple"},"yoast_head":"<!-- This site is optimized with the Yoast SEO Premium plugin v22.4 (Yoast SEO v25.5) - https:\/\/yoast.com\/wordpress\/plugins\/seo\/ -->\n<title>Fl\u00e4tat b\u00e4lte | Sand - V\u00e4sterviks Mobilservice<\/title>\n<meta name=\"robots\" content=\"index, follow, max-snippet:-1, max-image-preview:large, max-video-preview:-1\" \/>\n<link rel=\"canonical\" href=\"https:\/\/vastervikmobilservice.se\/?product=flatat-balte-sand\" \/>\n<meta property=\"og:locale\" content=\"sv_SE\" \/>\n<meta property=\"og:type\" content=\"article\" \/>\n<meta property=\"og:title\" content=\"Fl\u00e4tat b\u00e4lte | Sand\" \/>\n<meta property=\"og:description\" content=\"\u2713 100% veganskt material \u2713 Svensk design \u2713 1-3 dagars leverans \u2713 30 dagars retur \u2713 Betala enkelt med Klarna L\u00e4gger till produkten i din varukorg Ett snyggt fl\u00e4tat sk\u00e4rp passar till b\u00e5de vardag och fest, b\u00e5de till jeans och mer dressat. Med ett f\u00e4rgat b\u00e4lte \u00e4r det enkelt att variera stilen och matcha med [&hellip;]\" \/>\n<meta property=\"og:url\" content=\"https:\/\/vastervikmobilservice.se\/?product=flatat-balte-sand\" \/>\n<meta property=\"og:site_name\" content=\"V\u00e4sterviks Mobilservice\" \/>\n<meta property=\"article:modified_time\" content=\"2026-01-29T18:46:34+00:00\" \/>\n<meta property=\"og:image\" content=\"https:\/\/vastervikmobilservice.se\/wp-content\/uploads\/2024\/08\/img_1322.jpeg\" \/>\n\t<meta property=\"og:image:width\" content=\"1296\" \/>\n\t<meta property=\"og:image:height\" content=\"1296\" \/>\n\t<meta property=\"og:image:type\" content=\"image\/jpeg\" \/>\n<meta name=\"twitter:card\" content=\"summary_large_image\" \/>\n<meta name=\"twitter:label1\" content=\"Ber\u00e4knad l\u00e4stid\" \/>\n\t<meta name=\"twitter:data1\" content=\"1 minut\" \/>\n<script type=\"application\/ld+json\" class=\"yoast-schema-graph\">{\"@context\":\"https:\/\/schema.org\",\"@graph\":[{\"@type\":\"WebPage\",\"@id\":\"https:\/\/vastervikmobilservice.se\/?product=flatat-balte-sand\",\"url\":\"https:\/\/vastervikmobilservice.se\/?product=flatat-balte-sand\",\"name\":\"Fl\u00e4tat b\u00e4lte | Sand - V\u00e4sterviks Mobilservice\",\"isPartOf\":{\"@id\":\"https:\/\/vastervikmobilservice.se\/#website\"},\"primaryImageOfPage\":{\"@id\":\"https:\/\/vastervikmobilservice.se\/?product=flatat-balte-sand#primaryimage\"},\"image\":{\"@id\":\"https:\/\/vastervikmobilservice.se\/?product=flatat-balte-sand#primaryimage\"},\"thumbnailUrl\":\"https:\/\/vastervikmobilservice.se\/wp-content\/uploads\/2024\/08\/img_1322.jpeg\",\"datePublished\":\"2024-08-24T22:59:26+00:00\",\"dateModified\":\"2026-01-29T18:46:34+00:00\",\"breadcrumb\":{\"@id\":\"https:\/\/vastervikmobilservice.se\/?product=flatat-balte-sand#breadcrumb\"},\"inLanguage\":\"sv-SE\",\"potentialAction\":[{\"@type\":\"ReadAction\",\"target\":[\"https:\/\/vastervikmobilservice.se\/?product=flatat-balte-sand\"]}]},{\"@type\":\"ImageObject\",\"inLanguage\":\"sv-SE\",\"@id\":\"https:\/\/vastervikmobilservice.se\/?product=flatat-balte-sand#primaryimage\",\"url\":\"https:\/\/vastervikmobilservice.se\/wp-content\/uploads\/2024\/08\/img_1322.jpeg\",\"contentUrl\":\"https:\/\/vastervikmobilservice.se\/wp-content\/uploads\/2024\/08\/img_1322.jpeg\",\"width\":1296,\"height\":1296},{\"@type\":\"BreadcrumbList\",\"@id\":\"https:\/\/vastervikmobilservice.se\/?product=flatat-balte-sand#breadcrumb\",\"itemListElement\":[{\"@type\":\"ListItem\",\"position\":1,\"name\":\"Home\",\"item\":\"https:\/\/vastervikmobilservice.se\/\"},{\"@type\":\"ListItem\",\"position\":2,\"name\":\"Produkter\",\"item\":\"https:\/\/vastervikmobilservice.se\/products\/\"},{\"@type\":\"ListItem\",\"position\":3,\"name\":\"Fl\u00e4tat b\u00e4lte | Sand\"}]},{\"@type\":\"WebSite\",\"@id\":\"https:\/\/vastervikmobilservice.se\/#website\",\"url\":\"https:\/\/vastervikmobilservice.se\/\",\"name\":\"V\u00e4sterviks Mobilservice\",\"description\":\"Din expert p\u00e5 mobilreparationer och elektronikservice\",\"publisher\":{\"@id\":\"https:\/\/vastervikmobilservice.se\/#organization\"},\"potentialAction\":[{\"@type\":\"SearchAction\",\"target\":{\"@type\":\"EntryPoint\",\"urlTemplate\":\"https:\/\/vastervikmobilservice.se\/?s={search_term_string}\"},\"query-input\":{\"@type\":\"PropertyValueSpecification\",\"valueRequired\":true,\"valueName\":\"search_term_string\"}}],\"inLanguage\":\"sv-SE\"},{\"@type\":\"Organization\",\"@id\":\"https:\/\/vastervikmobilservice.se\/#organization\",\"name\":\"V\u00e4sterviks Mobilservice\",\"url\":\"https:\/\/vastervikmobilservice.se\/\",\"logo\":{\"@type\":\"ImageObject\",\"inLanguage\":\"sv-SE\",\"@id\":\"https:\/\/vastervikmobilservice.se\/#\/schema\/logo\/image\/\",\"url\":\"https:\/\/vastervikmobilservice.se\/wp-content\/uploads\/2024\/03\/logga_vastervikmobilservice.webp\",\"contentUrl\":\"https:\/\/vastervikmobilservice.se\/wp-content\/uploads\/2024\/03\/logga_vastervikmobilservice.webp\",\"width\":1080,\"height\":1034,\"caption\":\"V\u00e4sterviks Mobilservice\"},\"image\":{\"@id\":\"https:\/\/vastervikmobilservice.se\/#\/schema\/logo\/image\/\"}}]}<\/script>\n<!-- \/ Yoast SEO Premium plugin. -->","yoast_head_json":{"title":"Fl\u00e4tat b\u00e4lte | Sand - V\u00e4sterviks Mobilservice","robots":{"index":"index","follow":"follow","max-snippet":"max-snippet:-1","max-image-preview":"max-image-preview:large","max-video-preview":"max-video-preview:-1"},"canonical":"https:\/\/vastervikmobilservice.se\/?product=flatat-balte-sand","og_locale":"sv_SE","og_type":"article","og_title":"Fl\u00e4tat b\u00e4lte | Sand","og_description":"\u2713 100% veganskt material \u2713 Svensk design \u2713 1-3 dagars leverans \u2713 30 dagars retur \u2713 Betala enkelt med Klarna L\u00e4gger till produkten i din varukorg Ett snyggt fl\u00e4tat sk\u00e4rp passar till b\u00e5de vardag och fest, b\u00e5de till jeans och mer dressat. Med ett f\u00e4rgat b\u00e4lte \u00e4r det enkelt att variera stilen och matcha med [&hellip;]","og_url":"https:\/\/vastervikmobilservice.se\/?product=flatat-balte-sand","og_site_name":"V\u00e4sterviks Mobilservice","article_modified_time":"2026-01-29T18:46:34+00:00","og_image":[{"width":1296,"height":1296,"url":"https:\/\/vastervikmobilservice.se\/wp-content\/uploads\/2024\/08\/img_1322.jpeg","type":"image\/jpeg"}],"twitter_card":"summary_large_image","twitter_misc":{"Ber\u00e4knad l\u00e4stid":"1 minut"},"schema":{"@context":"https:\/\/schema.org","@graph":[{"@type":"WebPage","@id":"https:\/\/vastervikmobilservice.se\/?product=flatat-balte-sand","url":"https:\/\/vastervikmobilservice.se\/?product=flatat-balte-sand","name":"Fl\u00e4tat b\u00e4lte | Sand - V\u00e4sterviks Mobilservice","isPartOf":{"@id":"https:\/\/vastervikmobilservice.se\/#website"},"primaryImageOfPage":{"@id":"https:\/\/vastervikmobilservice.se\/?product=flatat-balte-sand#primaryimage"},"image":{"@id":"https:\/\/vastervikmobilservice.se\/?product=flatat-balte-sand#primaryimage"},"thumbnailUrl":"https:\/\/vastervikmobilservice.se\/wp-content\/uploads\/2024\/08\/img_1322.jpeg","datePublished":"2024-08-24T22:59:26+00:00","dateModified":"2026-01-29T18:46:34+00:00","breadcrumb":{"@id":"https:\/\/vastervikmobilservice.se\/?product=flatat-balte-sand#breadcrumb"},"inLanguage":"sv-SE","potentialAction":[{"@type":"ReadAction","target":["https:\/\/vastervikmobilservice.se\/?product=flatat-balte-sand"]}]},{"@type":"ImageObject","inLanguage":"sv-SE","@id":"https:\/\/vastervikmobilservice.se\/?product=flatat-balte-sand#primaryimage","url":"https:\/\/vastervikmobilservice.se\/wp-content\/uploads\/2024\/08\/img_1322.jpeg","contentUrl":"https:\/\/vastervikmobilservice.se\/wp-content\/uploads\/2024\/08\/img_1322.jpeg","width":1296,"height":1296},{"@type":"BreadcrumbList","@id":"https:\/\/vastervikmobilservice.se\/?product=flatat-balte-sand#breadcrumb","itemListElement":[{"@type":"ListItem","position":1,"name":"Home","item":"https:\/\/vastervikmobilservice.se\/"},{"@type":"ListItem","position":2,"name":"Produkter","item":"https:\/\/vastervikmobilservice.se\/products\/"},{"@type":"ListItem","position":3,"name":"Fl\u00e4tat b\u00e4lte | Sand"}]},{"@type":"WebSite","@id":"https:\/\/vastervikmobilservice.se\/#website","url":"https:\/\/vastervikmobilservice.se\/","name":"V\u00e4sterviks Mobilservice","description":"Din expert p\u00e5 mobilreparationer och elektronikservice","publisher":{"@id":"https:\/\/vastervikmobilservice.se\/#organization"},"potentialAction":[{"@type":"SearchAction","target":{"@type":"EntryPoint","urlTemplate":"https:\/\/vastervikmobilservice.se\/?s={search_term_string}"},"query-input":{"@type":"PropertyValueSpecification","valueRequired":true,"valueName":"search_term_string"}}],"inLanguage":"sv-SE"},{"@type":"Organization","@id":"https:\/\/vastervikmobilservice.se\/#organization","name":"V\u00e4sterviks Mobilservice","url":"https:\/\/vastervikmobilservice.se\/","logo":{"@type":"ImageObject","inLanguage":"sv-SE","@id":"https:\/\/vastervikmobilservice.se\/#\/schema\/logo\/image\/","url":"https:\/\/vastervikmobilservice.se\/wp-content\/uploads\/2024\/03\/logga_vastervikmobilservice.webp","contentUrl":"https:\/\/vastervikmobilservice.se\/wp-content\/uploads\/2024\/03\/logga_vastervikmobilservice.webp","width":1080,"height":1034,"caption":"V\u00e4sterviks Mobilservice"},"image":{"@id":"https:\/\/vastervikmobilservice.se\/#\/schema\/logo\/image\/"}}]}},"jetpack_sharing_enabled":true,"_links":{"self":[{"href":"https:\/\/vastervikmobilservice.se\/index.php?rest_route=\/wp\/v2\/product\/3214","targetHints":{"allow":["GET"]}}],"collection":[{"href":"https:\/\/vastervikmobilservice.se\/index.php?rest_route=\/wp\/v2\/product"}],"about":[{"href":"https:\/\/vastervikmobilservice.se\/index.php?rest_route=\/wp\/v2\/types\/product"}],"replies":[{"embeddable":true,"href":"https:\/\/vastervikmobilservice.se\/index.php?rest_route=%2Fwp%2Fv2%2Fcomments&post=3214"}],"wp:featuredmedia":[{"embeddable":true,"href":"https:\/\/vastervikmobilservice.se\/index.php?rest_route=\/wp\/v2\/media\/3212"}],"wp:attachment":[{"href":"https:\/\/vastervikmobilservice.se\/index.php?rest_route=%2Fwp%2Fv2%2Fmedia&parent=3214"}],"wp:term":[{"taxonomy":"product_brand","embeddable":true,"href":"https:\/\/vastervikmobilservice.se\/index.php?rest_route=%2Fwp%2Fv2%2Fproduct_brand&post=3214"},{"taxonomy":"product_cat","embeddable":true,"href":"https:\/\/vastervikmobilservice.se\/index.php?rest_route=%2Fwp%2Fv2%2Fproduct_cat&post=3214"},{"taxonomy":"product_tag","embeddable":true,"href":"https:\/\/vastervikmobilservice.se\/index.php?rest_route=%2Fwp%2Fv2%2Fproduct_tag&post=3214"}],"curies":[{"name":"wp","href":"https:\/\/api.w.org\/{rel}","templated":true}]}}