{"id":3131,"date":"2024-08-24T22:34:11","date_gmt":"2024-08-24T22:34:11","guid":{"rendered":"https:\/\/vastervikmobilservice.se\/produkt\/necessar-grablatt-lader\/"},"modified":"2026-01-29T19:01:51","modified_gmt":"2026-01-29T19:01:51","slug":"necessar-grablatt-lader","status":"publish","type":"product","link":"https:\/\/vastervikmobilservice.se\/?product=necessar-grablatt-lader","title":{"rendered":"Necess\u00e4r | Gr\u00e5bl\u00e5tt l\u00e4der"},"content":{"rendered":"<div id=\"shopify-section-template--15886398161056__main\" class=\"shopify-section\">\n<div class=\"product-template__container page-width page-width-desk\" id=\"ProductSection-template--15886398161056__main\" data-section-id=\"template--15886398161056__main\" data-section-type=\"product\" data-enable-history-state=\"true\" data-ajax-enabled=\"true\" style=\"max-width: 1200px;margin: 0px auto;padding-left: 22px;padding-right: 22px\">\n<div class=\"grid product-single\" style=\"padding: 0px;margin: 0px 0px 0px -22px\">\n<div class=\"page-width-1\" style=\"padding-left: 22px;padding-right: 22px\">\n<div class=\"grid__item medium-up--one-third\" style=\"float: left;padding-left: 22px;width: 348px\"><strong class=\"mob-view\" style=\"font-weight: 400\">\u2713 100% veganskt material<br \/>\n\u2713 Svensk design<br \/>\n\u2713 1-3 dagars leverans<br \/>\n\u2713 30 dagars retur<br \/>\n\u2713 Betala enkelt med Klarna<\/strong><\/p>\n<p class=\"visually-hidden\" data-product-status=\"\" aria-live=\"polite\" role=\"status\" style=\"margin: -1px;font-size: 0.92857em;overflow: hidden;height: 1px;width: 1px;padding: 0px;border: 0px;position: absolute !important\">\n<p class=\"visually-hidden\" data-loader-status=\"\" aria-live=\"assertive\" role=\"alert\" aria-hidden=\"true\" style=\"margin: -1px;font-size: 0.92857em;overflow: hidden;height: 1px;width: 1px;padding: 0px;border: 0px;position: absolute !important\">L\u00e4gger till produkten i din varukorg<\/p>\n<div class=\"product-single__description rte\" style=\"margin-bottom: 0px;margin-top: 30px\">\n<p data-mce-fragment=\"1\" style=\"margin: 0px 0px 19.44444px;font-size: 0.92857em\">Necess\u00e4r i lagom storlek f\u00f6r det viktigaste. P\u00e5 utsidan finns \u00e4ven ett sidofack med dragkedja. Snygga detaljer g\u00f6r denna necess\u00e4r till ett m\u00e5ste i din packning. Storleken g\u00f6r den l\u00e4tt att ha med varje dag.&nbsp;<span data-mce-fragment=\"1\">Necess\u00e4ren har en exklusiv&nbsp;<\/span><span data-mce-fragment=\"1\">k\u00e4nsla d\u00e5&nbsp;den&nbsp;\u00e4r handgjord av noga utvalt material.<\/span><\/p>\n<ul data-mce-fragment=\"1\" style=\"margin: 0px 0px 17.5px 35px;padding: 0px\">\n<li data-mce-fragment=\"1\" style=\"margin-bottom: 0px\">Mix &amp; Match: Passar perfekt till Hermans<span class=\"Apple-converted-space\">&nbsp;<\/span><a href=\"https:\/\/hermanaccessory.se\/collections\/datorfodral\" style=\"background-color: transparent;text-decoration: none;border-bottom-width: 1px;border-bottom-style: solid;border-bottom-color: currentcolor;padding-bottom: 1px\">datorfodral<\/a>, korth\u00e5llare, mobilskal och nyckel-tags.<\/li>\n<\/ul>\n<p data-mce-fragment=\"1\" style=\"margin: 0px;font-size: 0.92857em\"><span data-mce-fragment=\"1\">Storlek: 25 x 12 x 6 cm<\/span><br \/>\nF\u00e4rg: Gr\u00e5bl\u00e5tt l\u00e4derm\u00f6nster<br \/>\n<span data-mce-fragment=\"1\">Material: Veganskt PU-l\u00e4der<\/span><\/p>\n<\/div>\n<\/div>\n<\/div>\n<\/div>\n<\/div>\n<\/div>\n","protected":false},"excerpt":{"rendered":"<p>\u2713 100% veganskt material \u2713 Svensk design \u2713 1-3 dagars leverans \u2713 30 dagars retur \u2713 Betala enkelt med Klarna L\u00e4gger till produkten i din varukorg Necess\u00e4r i lagom storlek f\u00f6r det viktigaste. P\u00e5 utsidan finns \u00e4ven ett sidofack med dragkedja. Snygga detaljer g\u00f6r denna necess\u00e4r till ett m\u00e5ste i din packning. Storleken g\u00f6r den [&hellip;]<\/p>\n","protected":false},"featured_media":3129,"comment_status":"open","ping_status":"closed","template":"","meta":{"iawp_total_views":2},"product_brand":[],"product_cat":[31,96],"product_tag":[],"class_list":{"0":"post-3131","1":"product","2":"type-product","3":"status-publish","4":"has-post-thumbnail","6":"product_cat-okategoriserad","7":"product_cat-necessar","9":"first","10":"instock","11":"sale","12":"taxable","13":"shipping-taxable","14":"purchasable","15":"product-type-simple"},"yoast_head":"<!-- This site is optimized with the Yoast SEO Premium plugin v22.4 (Yoast SEO v25.5) - https:\/\/yoast.com\/wordpress\/plugins\/seo\/ -->\n<title>Necess\u00e4r | Gr\u00e5bl\u00e5tt l\u00e4der - V\u00e4sterviks Mobilservice<\/title>\n<meta name=\"robots\" content=\"index, follow, max-snippet:-1, max-image-preview:large, max-video-preview:-1\" \/>\n<link rel=\"canonical\" href=\"https:\/\/vastervikmobilservice.se\/?product=necessar-grablatt-lader\" \/>\n<meta property=\"og:locale\" content=\"sv_SE\" \/>\n<meta property=\"og:type\" content=\"article\" \/>\n<meta property=\"og:title\" content=\"Necess\u00e4r | Gr\u00e5bl\u00e5tt l\u00e4der\" \/>\n<meta property=\"og:description\" content=\"\u2713 100% veganskt material \u2713 Svensk design \u2713 1-3 dagars leverans \u2713 30 dagars retur \u2713 Betala enkelt med Klarna L\u00e4gger till produkten i din varukorg Necess\u00e4r i lagom storlek f\u00f6r det viktigaste. P\u00e5 utsidan finns \u00e4ven ett sidofack med dragkedja. Snygga detaljer g\u00f6r denna necess\u00e4r till ett m\u00e5ste i din packning. Storleken g\u00f6r den [&hellip;]\" \/>\n<meta property=\"og:url\" content=\"https:\/\/vastervikmobilservice.se\/?product=necessar-grablatt-lader\" \/>\n<meta property=\"og:site_name\" content=\"V\u00e4sterviks Mobilservice\" \/>\n<meta property=\"article:modified_time\" content=\"2026-01-29T19:01:51+00:00\" \/>\n<meta property=\"og:image\" content=\"https:\/\/vastervikmobilservice.se\/wp-content\/uploads\/2024\/08\/img_1259.jpeg\" \/>\n\t<meta property=\"og:image:width\" content=\"1296\" \/>\n\t<meta property=\"og:image:height\" content=\"1296\" \/>\n\t<meta property=\"og:image:type\" content=\"image\/jpeg\" \/>\n<meta name=\"twitter:card\" content=\"summary_large_image\" \/>\n<meta name=\"twitter:label1\" content=\"Ber\u00e4knad l\u00e4stid\" \/>\n\t<meta name=\"twitter:data1\" content=\"1 minut\" \/>\n<script type=\"application\/ld+json\" class=\"yoast-schema-graph\">{\"@context\":\"https:\/\/schema.org\",\"@graph\":[{\"@type\":\"WebPage\",\"@id\":\"https:\/\/vastervikmobilservice.se\/?product=necessar-grablatt-lader\",\"url\":\"https:\/\/vastervikmobilservice.se\/?product=necessar-grablatt-lader\",\"name\":\"Necess\u00e4r | Gr\u00e5bl\u00e5tt l\u00e4der - V\u00e4sterviks Mobilservice\",\"isPartOf\":{\"@id\":\"https:\/\/vastervikmobilservice.se\/#website\"},\"primaryImageOfPage\":{\"@id\":\"https:\/\/vastervikmobilservice.se\/?product=necessar-grablatt-lader#primaryimage\"},\"image\":{\"@id\":\"https:\/\/vastervikmobilservice.se\/?product=necessar-grablatt-lader#primaryimage\"},\"thumbnailUrl\":\"https:\/\/vastervikmobilservice.se\/wp-content\/uploads\/2024\/08\/img_1259.jpeg\",\"datePublished\":\"2024-08-24T22:34:11+00:00\",\"dateModified\":\"2026-01-29T19:01:51+00:00\",\"breadcrumb\":{\"@id\":\"https:\/\/vastervikmobilservice.se\/?product=necessar-grablatt-lader#breadcrumb\"},\"inLanguage\":\"sv-SE\",\"potentialAction\":[{\"@type\":\"ReadAction\",\"target\":[\"https:\/\/vastervikmobilservice.se\/?product=necessar-grablatt-lader\"]}]},{\"@type\":\"ImageObject\",\"inLanguage\":\"sv-SE\",\"@id\":\"https:\/\/vastervikmobilservice.se\/?product=necessar-grablatt-lader#primaryimage\",\"url\":\"https:\/\/vastervikmobilservice.se\/wp-content\/uploads\/2024\/08\/img_1259.jpeg\",\"contentUrl\":\"https:\/\/vastervikmobilservice.se\/wp-content\/uploads\/2024\/08\/img_1259.jpeg\",\"width\":1296,\"height\":1296},{\"@type\":\"BreadcrumbList\",\"@id\":\"https:\/\/vastervikmobilservice.se\/?product=necessar-grablatt-lader#breadcrumb\",\"itemListElement\":[{\"@type\":\"ListItem\",\"position\":1,\"name\":\"Home\",\"item\":\"https:\/\/vastervikmobilservice.se\/\"},{\"@type\":\"ListItem\",\"position\":2,\"name\":\"Produkter\",\"item\":\"https:\/\/vastervikmobilservice.se\/products\/\"},{\"@type\":\"ListItem\",\"position\":3,\"name\":\"Necess\u00e4r | Gr\u00e5bl\u00e5tt l\u00e4der\"}]},{\"@type\":\"WebSite\",\"@id\":\"https:\/\/vastervikmobilservice.se\/#website\",\"url\":\"https:\/\/vastervikmobilservice.se\/\",\"name\":\"V\u00e4sterviks Mobilservice\",\"description\":\"Din expert p\u00e5 mobilreparationer och elektronikservice\",\"publisher\":{\"@id\":\"https:\/\/vastervikmobilservice.se\/#organization\"},\"potentialAction\":[{\"@type\":\"SearchAction\",\"target\":{\"@type\":\"EntryPoint\",\"urlTemplate\":\"https:\/\/vastervikmobilservice.se\/?s={search_term_string}\"},\"query-input\":{\"@type\":\"PropertyValueSpecification\",\"valueRequired\":true,\"valueName\":\"search_term_string\"}}],\"inLanguage\":\"sv-SE\"},{\"@type\":\"Organization\",\"@id\":\"https:\/\/vastervikmobilservice.se\/#organization\",\"name\":\"V\u00e4sterviks Mobilservice\",\"url\":\"https:\/\/vastervikmobilservice.se\/\",\"logo\":{\"@type\":\"ImageObject\",\"inLanguage\":\"sv-SE\",\"@id\":\"https:\/\/vastervikmobilservice.se\/#\/schema\/logo\/image\/\",\"url\":\"https:\/\/vastervikmobilservice.se\/wp-content\/uploads\/2024\/03\/logga_vastervikmobilservice.webp\",\"contentUrl\":\"https:\/\/vastervikmobilservice.se\/wp-content\/uploads\/2024\/03\/logga_vastervikmobilservice.webp\",\"width\":1080,\"height\":1034,\"caption\":\"V\u00e4sterviks Mobilservice\"},\"image\":{\"@id\":\"https:\/\/vastervikmobilservice.se\/#\/schema\/logo\/image\/\"}}]}<\/script>\n<!-- \/ Yoast SEO Premium plugin. -->","yoast_head_json":{"title":"Necess\u00e4r | Gr\u00e5bl\u00e5tt l\u00e4der - V\u00e4sterviks Mobilservice","robots":{"index":"index","follow":"follow","max-snippet":"max-snippet:-1","max-image-preview":"max-image-preview:large","max-video-preview":"max-video-preview:-1"},"canonical":"https:\/\/vastervikmobilservice.se\/?product=necessar-grablatt-lader","og_locale":"sv_SE","og_type":"article","og_title":"Necess\u00e4r | Gr\u00e5bl\u00e5tt l\u00e4der","og_description":"\u2713 100% veganskt material \u2713 Svensk design \u2713 1-3 dagars leverans \u2713 30 dagars retur \u2713 Betala enkelt med Klarna L\u00e4gger till produkten i din varukorg Necess\u00e4r i lagom storlek f\u00f6r det viktigaste. P\u00e5 utsidan finns \u00e4ven ett sidofack med dragkedja. Snygga detaljer g\u00f6r denna necess\u00e4r till ett m\u00e5ste i din packning. Storleken g\u00f6r den [&hellip;]","og_url":"https:\/\/vastervikmobilservice.se\/?product=necessar-grablatt-lader","og_site_name":"V\u00e4sterviks Mobilservice","article_modified_time":"2026-01-29T19:01:51+00:00","og_image":[{"width":1296,"height":1296,"url":"https:\/\/vastervikmobilservice.se\/wp-content\/uploads\/2024\/08\/img_1259.jpeg","type":"image\/jpeg"}],"twitter_card":"summary_large_image","twitter_misc":{"Ber\u00e4knad l\u00e4stid":"1 minut"},"schema":{"@context":"https:\/\/schema.org","@graph":[{"@type":"WebPage","@id":"https:\/\/vastervikmobilservice.se\/?product=necessar-grablatt-lader","url":"https:\/\/vastervikmobilservice.se\/?product=necessar-grablatt-lader","name":"Necess\u00e4r | Gr\u00e5bl\u00e5tt l\u00e4der - V\u00e4sterviks Mobilservice","isPartOf":{"@id":"https:\/\/vastervikmobilservice.se\/#website"},"primaryImageOfPage":{"@id":"https:\/\/vastervikmobilservice.se\/?product=necessar-grablatt-lader#primaryimage"},"image":{"@id":"https:\/\/vastervikmobilservice.se\/?product=necessar-grablatt-lader#primaryimage"},"thumbnailUrl":"https:\/\/vastervikmobilservice.se\/wp-content\/uploads\/2024\/08\/img_1259.jpeg","datePublished":"2024-08-24T22:34:11+00:00","dateModified":"2026-01-29T19:01:51+00:00","breadcrumb":{"@id":"https:\/\/vastervikmobilservice.se\/?product=necessar-grablatt-lader#breadcrumb"},"inLanguage":"sv-SE","potentialAction":[{"@type":"ReadAction","target":["https:\/\/vastervikmobilservice.se\/?product=necessar-grablatt-lader"]}]},{"@type":"ImageObject","inLanguage":"sv-SE","@id":"https:\/\/vastervikmobilservice.se\/?product=necessar-grablatt-lader#primaryimage","url":"https:\/\/vastervikmobilservice.se\/wp-content\/uploads\/2024\/08\/img_1259.jpeg","contentUrl":"https:\/\/vastervikmobilservice.se\/wp-content\/uploads\/2024\/08\/img_1259.jpeg","width":1296,"height":1296},{"@type":"BreadcrumbList","@id":"https:\/\/vastervikmobilservice.se\/?product=necessar-grablatt-lader#breadcrumb","itemListElement":[{"@type":"ListItem","position":1,"name":"Home","item":"https:\/\/vastervikmobilservice.se\/"},{"@type":"ListItem","position":2,"name":"Produkter","item":"https:\/\/vastervikmobilservice.se\/products\/"},{"@type":"ListItem","position":3,"name":"Necess\u00e4r | Gr\u00e5bl\u00e5tt l\u00e4der"}]},{"@type":"WebSite","@id":"https:\/\/vastervikmobilservice.se\/#website","url":"https:\/\/vastervikmobilservice.se\/","name":"V\u00e4sterviks Mobilservice","description":"Din expert p\u00e5 mobilreparationer och elektronikservice","publisher":{"@id":"https:\/\/vastervikmobilservice.se\/#organization"},"potentialAction":[{"@type":"SearchAction","target":{"@type":"EntryPoint","urlTemplate":"https:\/\/vastervikmobilservice.se\/?s={search_term_string}"},"query-input":{"@type":"PropertyValueSpecification","valueRequired":true,"valueName":"search_term_string"}}],"inLanguage":"sv-SE"},{"@type":"Organization","@id":"https:\/\/vastervikmobilservice.se\/#organization","name":"V\u00e4sterviks Mobilservice","url":"https:\/\/vastervikmobilservice.se\/","logo":{"@type":"ImageObject","inLanguage":"sv-SE","@id":"https:\/\/vastervikmobilservice.se\/#\/schema\/logo\/image\/","url":"https:\/\/vastervikmobilservice.se\/wp-content\/uploads\/2024\/03\/logga_vastervikmobilservice.webp","contentUrl":"https:\/\/vastervikmobilservice.se\/wp-content\/uploads\/2024\/03\/logga_vastervikmobilservice.webp","width":1080,"height":1034,"caption":"V\u00e4sterviks Mobilservice"},"image":{"@id":"https:\/\/vastervikmobilservice.se\/#\/schema\/logo\/image\/"}}]}},"jetpack_sharing_enabled":true,"_links":{"self":[{"href":"https:\/\/vastervikmobilservice.se\/index.php?rest_route=\/wp\/v2\/product\/3131","targetHints":{"allow":["GET"]}}],"collection":[{"href":"https:\/\/vastervikmobilservice.se\/index.php?rest_route=\/wp\/v2\/product"}],"about":[{"href":"https:\/\/vastervikmobilservice.se\/index.php?rest_route=\/wp\/v2\/types\/product"}],"replies":[{"embeddable":true,"href":"https:\/\/vastervikmobilservice.se\/index.php?rest_route=%2Fwp%2Fv2%2Fcomments&post=3131"}],"wp:featuredmedia":[{"embeddable":true,"href":"https:\/\/vastervikmobilservice.se\/index.php?rest_route=\/wp\/v2\/media\/3129"}],"wp:attachment":[{"href":"https:\/\/vastervikmobilservice.se\/index.php?rest_route=%2Fwp%2Fv2%2Fmedia&parent=3131"}],"wp:term":[{"taxonomy":"product_brand","embeddable":true,"href":"https:\/\/vastervikmobilservice.se\/index.php?rest_route=%2Fwp%2Fv2%2Fproduct_brand&post=3131"},{"taxonomy":"product_cat","embeddable":true,"href":"https:\/\/vastervikmobilservice.se\/index.php?rest_route=%2Fwp%2Fv2%2Fproduct_cat&post=3131"},{"taxonomy":"product_tag","embeddable":true,"href":"https:\/\/vastervikmobilservice.se\/index.php?rest_route=%2Fwp%2Fv2%2Fproduct_tag&post=3131"}],"curies":[{"name":"wp","href":"https:\/\/api.w.org\/{rel}","templated":true}]}}