{"id":3008,"date":"2024-08-20T21:24:40","date_gmt":"2024-08-20T21:24:40","guid":{"rendered":"https:\/\/vastervikmobilservice.se\/produkt\/datorfodral\/"},"modified":"2025-09-25T11:28:00","modified_gmt":"2025-09-25T11:28:00","slug":"datorfodral","status":"publish","type":"product","link":"https:\/\/vastervikmobilservice.se\/?product=datorfodral","title":{"rendered":"Datorfodral"},"content":{"rendered":"<p style=\"margin: 0px 0px 19.44444px;font-size: 0.92857em;font-family: Helvetica, sans-serif;font-style: normal;font-weight: 300;letter-spacing: normal;text-align: center;text-indent: 0px;text-transform: none;text-decoration: none\">H\u00e4r hittar du stils\u00e4kra datorfodral i hundra procent h\u00f6gkvalitativt veganskt l\u00e4der och med stabila dragkedjor. V\u00e5ra datorfodral har en klassisk, tidl\u00f6s design med eleganta snitt och samtidigt ytterst modern k\u00e4nsla. Datorfodralen passar lika bra att b\u00e4ra under armen som en stils\u00e4ker accessoar &#8211; som att smidigt stoppa ned i en annan v\u00e4ska eller portf\u00f6lj. Ut\u00f6ver din dator s\u00e5 kan du sj\u00e4lvklart \u00e4ven f\u00f6rvara viktiga papper och dokument i datorfodralet &#8211; ett stort antal av v\u00e5ra modeller har dessutom en praktisk innerficka.<\/p>\n<p style=\"margin: 0px 0px 19.44444px;font-size: 0.92857em;font-family: Helvetica, sans-serif;font-style: normal;font-weight: 300;letter-spacing: normal;text-align: center;text-indent: 0px;text-transform: none;text-decoration: none\">Med Hermans datorfodral \u00e4r du garanterat stils\u00e4ker p\u00e5 allt fr\u00e5n f\u00f6rel\u00e4sningar till kundbes\u00f6k, jobbintervjuer och andra viktiga m\u00f6ten. Tack vare att v\u00e5ra datorfodral kommer i m\u00e5nga modeller, material och f\u00e4rger kan du matcha din datorv\u00e4ska med s\u00e5v\u00e4l dagens outfit som dagens hum\u00f6r.<\/p>\n","protected":false},"excerpt":{"rendered":"<p>H\u00e4r hittar du stils\u00e4kra datorfodral i hundra procent h\u00f6gkvalitativt veganskt l\u00e4der och med stabila dragkedjor. V\u00e5ra datorfodral har en klassisk, tidl\u00f6s design med eleganta snitt och samtidigt ytterst modern k\u00e4nsla. Datorfodralen passar lika bra att b\u00e4ra under armen som en stils\u00e4ker accessoar &#8211; som att smidigt stoppa ned i en annan v\u00e4ska eller portf\u00f6lj. Ut\u00f6ver [&hellip;]<\/p>\n","protected":false},"featured_media":3007,"comment_status":"open","ping_status":"closed","template":"","meta":{"iawp_total_views":30},"product_brand":[],"product_cat":[31,97],"product_tag":[],"class_list":{"0":"post-3008","1":"product","2":"type-product","3":"status-publish","4":"has-post-thumbnail","6":"product_cat-okategoriserad","7":"product_cat-datorfodral","9":"first","10":"instock","11":"sale","12":"taxable","13":"shipping-taxable","14":"product-type-grouped"},"yoast_head":"<!-- This site is optimized with the Yoast SEO Premium plugin v22.4 (Yoast SEO v25.5) - https:\/\/yoast.com\/wordpress\/plugins\/seo\/ -->\n<title>Datorfodral - V\u00e4sterviks Mobilservice<\/title>\n<meta name=\"robots\" content=\"index, follow, max-snippet:-1, max-image-preview:large, max-video-preview:-1\" \/>\n<link rel=\"canonical\" href=\"https:\/\/vastervikmobilservice.se\/?product=datorfodral\" \/>\n<meta property=\"og:locale\" content=\"sv_SE\" \/>\n<meta property=\"og:type\" content=\"article\" \/>\n<meta property=\"og:title\" content=\"Datorfodral\" \/>\n<meta property=\"og:description\" content=\"H\u00e4r hittar du stils\u00e4kra datorfodral i hundra procent h\u00f6gkvalitativt veganskt l\u00e4der och med stabila dragkedjor. V\u00e5ra datorfodral har en klassisk, tidl\u00f6s design med eleganta snitt och samtidigt ytterst modern k\u00e4nsla. Datorfodralen passar lika bra att b\u00e4ra under armen som en stils\u00e4ker accessoar &#8211; som att smidigt stoppa ned i en annan v\u00e4ska eller portf\u00f6lj. Ut\u00f6ver [&hellip;]\" \/>\n<meta property=\"og:url\" content=\"https:\/\/vastervikmobilservice.se\/?product=datorfodral\" \/>\n<meta property=\"og:site_name\" content=\"V\u00e4sterviks Mobilservice\" \/>\n<meta property=\"article:modified_time\" content=\"2025-09-25T11:28:00+00:00\" \/>\n<meta property=\"og:image\" content=\"https:\/\/vastervikmobilservice.se\/wp-content\/uploads\/2024\/08\/img_1114-1.jpeg\" \/>\n\t<meta property=\"og:image:width\" content=\"1296\" \/>\n\t<meta property=\"og:image:height\" content=\"1296\" \/>\n\t<meta property=\"og:image:type\" content=\"image\/jpeg\" \/>\n<meta name=\"twitter:card\" content=\"summary_large_image\" \/>\n<meta name=\"twitter:label1\" content=\"Ber\u00e4knad l\u00e4stid\" \/>\n\t<meta name=\"twitter:data1\" content=\"1 minut\" \/>\n<script type=\"application\/ld+json\" class=\"yoast-schema-graph\">{\"@context\":\"https:\/\/schema.org\",\"@graph\":[{\"@type\":\"WebPage\",\"@id\":\"https:\/\/vastervikmobilservice.se\/?product=datorfodral\",\"url\":\"https:\/\/vastervikmobilservice.se\/?product=datorfodral\",\"name\":\"Datorfodral - V\u00e4sterviks Mobilservice\",\"isPartOf\":{\"@id\":\"https:\/\/vastervikmobilservice.se\/#website\"},\"primaryImageOfPage\":{\"@id\":\"https:\/\/vastervikmobilservice.se\/?product=datorfodral#primaryimage\"},\"image\":{\"@id\":\"https:\/\/vastervikmobilservice.se\/?product=datorfodral#primaryimage\"},\"thumbnailUrl\":\"https:\/\/vastervikmobilservice.se\/wp-content\/uploads\/2024\/08\/img_1114-1.jpeg\",\"datePublished\":\"2024-08-20T21:24:40+00:00\",\"dateModified\":\"2025-09-25T11:28:00+00:00\",\"breadcrumb\":{\"@id\":\"https:\/\/vastervikmobilservice.se\/?product=datorfodral#breadcrumb\"},\"inLanguage\":\"sv-SE\",\"potentialAction\":[{\"@type\":\"ReadAction\",\"target\":[\"https:\/\/vastervikmobilservice.se\/?product=datorfodral\"]}]},{\"@type\":\"ImageObject\",\"inLanguage\":\"sv-SE\",\"@id\":\"https:\/\/vastervikmobilservice.se\/?product=datorfodral#primaryimage\",\"url\":\"https:\/\/vastervikmobilservice.se\/wp-content\/uploads\/2024\/08\/img_1114-1.jpeg\",\"contentUrl\":\"https:\/\/vastervikmobilservice.se\/wp-content\/uploads\/2024\/08\/img_1114-1.jpeg\",\"width\":1296,\"height\":1296},{\"@type\":\"BreadcrumbList\",\"@id\":\"https:\/\/vastervikmobilservice.se\/?product=datorfodral#breadcrumb\",\"itemListElement\":[{\"@type\":\"ListItem\",\"position\":1,\"name\":\"Home\",\"item\":\"https:\/\/vastervikmobilservice.se\/\"},{\"@type\":\"ListItem\",\"position\":2,\"name\":\"Produkter\",\"item\":\"https:\/\/vastervikmobilservice.se\/products\/\"},{\"@type\":\"ListItem\",\"position\":3,\"name\":\"Datorfodral\"}]},{\"@type\":\"WebSite\",\"@id\":\"https:\/\/vastervikmobilservice.se\/#website\",\"url\":\"https:\/\/vastervikmobilservice.se\/\",\"name\":\"V\u00e4sterviks Mobilservice\",\"description\":\"Din expert p\u00e5 mobilreparationer och elektronikservice\",\"publisher\":{\"@id\":\"https:\/\/vastervikmobilservice.se\/#organization\"},\"potentialAction\":[{\"@type\":\"SearchAction\",\"target\":{\"@type\":\"EntryPoint\",\"urlTemplate\":\"https:\/\/vastervikmobilservice.se\/?s={search_term_string}\"},\"query-input\":{\"@type\":\"PropertyValueSpecification\",\"valueRequired\":true,\"valueName\":\"search_term_string\"}}],\"inLanguage\":\"sv-SE\"},{\"@type\":\"Organization\",\"@id\":\"https:\/\/vastervikmobilservice.se\/#organization\",\"name\":\"V\u00e4sterviks Mobilservice\",\"url\":\"https:\/\/vastervikmobilservice.se\/\",\"logo\":{\"@type\":\"ImageObject\",\"inLanguage\":\"sv-SE\",\"@id\":\"https:\/\/vastervikmobilservice.se\/#\/schema\/logo\/image\/\",\"url\":\"https:\/\/vastervikmobilservice.se\/wp-content\/uploads\/2024\/03\/logga_vastervikmobilservice.webp\",\"contentUrl\":\"https:\/\/vastervikmobilservice.se\/wp-content\/uploads\/2024\/03\/logga_vastervikmobilservice.webp\",\"width\":1080,\"height\":1034,\"caption\":\"V\u00e4sterviks Mobilservice\"},\"image\":{\"@id\":\"https:\/\/vastervikmobilservice.se\/#\/schema\/logo\/image\/\"}}]}<\/script>\n<!-- \/ Yoast SEO Premium plugin. -->","yoast_head_json":{"title":"Datorfodral - V\u00e4sterviks Mobilservice","robots":{"index":"index","follow":"follow","max-snippet":"max-snippet:-1","max-image-preview":"max-image-preview:large","max-video-preview":"max-video-preview:-1"},"canonical":"https:\/\/vastervikmobilservice.se\/?product=datorfodral","og_locale":"sv_SE","og_type":"article","og_title":"Datorfodral","og_description":"H\u00e4r hittar du stils\u00e4kra datorfodral i hundra procent h\u00f6gkvalitativt veganskt l\u00e4der och med stabila dragkedjor. V\u00e5ra datorfodral har en klassisk, tidl\u00f6s design med eleganta snitt och samtidigt ytterst modern k\u00e4nsla. Datorfodralen passar lika bra att b\u00e4ra under armen som en stils\u00e4ker accessoar &#8211; som att smidigt stoppa ned i en annan v\u00e4ska eller portf\u00f6lj. Ut\u00f6ver [&hellip;]","og_url":"https:\/\/vastervikmobilservice.se\/?product=datorfodral","og_site_name":"V\u00e4sterviks Mobilservice","article_modified_time":"2025-09-25T11:28:00+00:00","og_image":[{"width":1296,"height":1296,"url":"https:\/\/vastervikmobilservice.se\/wp-content\/uploads\/2024\/08\/img_1114-1.jpeg","type":"image\/jpeg"}],"twitter_card":"summary_large_image","twitter_misc":{"Ber\u00e4knad l\u00e4stid":"1 minut"},"schema":{"@context":"https:\/\/schema.org","@graph":[{"@type":"WebPage","@id":"https:\/\/vastervikmobilservice.se\/?product=datorfodral","url":"https:\/\/vastervikmobilservice.se\/?product=datorfodral","name":"Datorfodral - V\u00e4sterviks Mobilservice","isPartOf":{"@id":"https:\/\/vastervikmobilservice.se\/#website"},"primaryImageOfPage":{"@id":"https:\/\/vastervikmobilservice.se\/?product=datorfodral#primaryimage"},"image":{"@id":"https:\/\/vastervikmobilservice.se\/?product=datorfodral#primaryimage"},"thumbnailUrl":"https:\/\/vastervikmobilservice.se\/wp-content\/uploads\/2024\/08\/img_1114-1.jpeg","datePublished":"2024-08-20T21:24:40+00:00","dateModified":"2025-09-25T11:28:00+00:00","breadcrumb":{"@id":"https:\/\/vastervikmobilservice.se\/?product=datorfodral#breadcrumb"},"inLanguage":"sv-SE","potentialAction":[{"@type":"ReadAction","target":["https:\/\/vastervikmobilservice.se\/?product=datorfodral"]}]},{"@type":"ImageObject","inLanguage":"sv-SE","@id":"https:\/\/vastervikmobilservice.se\/?product=datorfodral#primaryimage","url":"https:\/\/vastervikmobilservice.se\/wp-content\/uploads\/2024\/08\/img_1114-1.jpeg","contentUrl":"https:\/\/vastervikmobilservice.se\/wp-content\/uploads\/2024\/08\/img_1114-1.jpeg","width":1296,"height":1296},{"@type":"BreadcrumbList","@id":"https:\/\/vastervikmobilservice.se\/?product=datorfodral#breadcrumb","itemListElement":[{"@type":"ListItem","position":1,"name":"Home","item":"https:\/\/vastervikmobilservice.se\/"},{"@type":"ListItem","position":2,"name":"Produkter","item":"https:\/\/vastervikmobilservice.se\/products\/"},{"@type":"ListItem","position":3,"name":"Datorfodral"}]},{"@type":"WebSite","@id":"https:\/\/vastervikmobilservice.se\/#website","url":"https:\/\/vastervikmobilservice.se\/","name":"V\u00e4sterviks Mobilservice","description":"Din expert p\u00e5 mobilreparationer och elektronikservice","publisher":{"@id":"https:\/\/vastervikmobilservice.se\/#organization"},"potentialAction":[{"@type":"SearchAction","target":{"@type":"EntryPoint","urlTemplate":"https:\/\/vastervikmobilservice.se\/?s={search_term_string}"},"query-input":{"@type":"PropertyValueSpecification","valueRequired":true,"valueName":"search_term_string"}}],"inLanguage":"sv-SE"},{"@type":"Organization","@id":"https:\/\/vastervikmobilservice.se\/#organization","name":"V\u00e4sterviks Mobilservice","url":"https:\/\/vastervikmobilservice.se\/","logo":{"@type":"ImageObject","inLanguage":"sv-SE","@id":"https:\/\/vastervikmobilservice.se\/#\/schema\/logo\/image\/","url":"https:\/\/vastervikmobilservice.se\/wp-content\/uploads\/2024\/03\/logga_vastervikmobilservice.webp","contentUrl":"https:\/\/vastervikmobilservice.se\/wp-content\/uploads\/2024\/03\/logga_vastervikmobilservice.webp","width":1080,"height":1034,"caption":"V\u00e4sterviks Mobilservice"},"image":{"@id":"https:\/\/vastervikmobilservice.se\/#\/schema\/logo\/image\/"}}]}},"jetpack_sharing_enabled":true,"_links":{"self":[{"href":"https:\/\/vastervikmobilservice.se\/index.php?rest_route=\/wp\/v2\/product\/3008","targetHints":{"allow":["GET"]}}],"collection":[{"href":"https:\/\/vastervikmobilservice.se\/index.php?rest_route=\/wp\/v2\/product"}],"about":[{"href":"https:\/\/vastervikmobilservice.se\/index.php?rest_route=\/wp\/v2\/types\/product"}],"replies":[{"embeddable":true,"href":"https:\/\/vastervikmobilservice.se\/index.php?rest_route=%2Fwp%2Fv2%2Fcomments&post=3008"}],"wp:featuredmedia":[{"embeddable":true,"href":"https:\/\/vastervikmobilservice.se\/index.php?rest_route=\/wp\/v2\/media\/3007"}],"wp:attachment":[{"href":"https:\/\/vastervikmobilservice.se\/index.php?rest_route=%2Fwp%2Fv2%2Fmedia&parent=3008"}],"wp:term":[{"taxonomy":"product_brand","embeddable":true,"href":"https:\/\/vastervikmobilservice.se\/index.php?rest_route=%2Fwp%2Fv2%2Fproduct_brand&post=3008"},{"taxonomy":"product_cat","embeddable":true,"href":"https:\/\/vastervikmobilservice.se\/index.php?rest_route=%2Fwp%2Fv2%2Fproduct_cat&post=3008"},{"taxonomy":"product_tag","embeddable":true,"href":"https:\/\/vastervikmobilservice.se\/index.php?rest_route=%2Fwp%2Fv2%2Fproduct_tag&post=3008"}],"curies":[{"name":"wp","href":"https:\/\/api.w.org\/{rel}","templated":true}]}}