{"id":2972,"date":"2024-08-19T21:01:18","date_gmt":"2024-08-19T21:01:18","guid":{"rendered":"https:\/\/vastervikmobilservice.se\/produkt\/datorfodral-brunt-flatat-lader\/"},"modified":"2026-01-29T18:41:30","modified_gmt":"2026-01-29T18:41:30","slug":"datorfodral-brunt-flatat-lader","status":"publish","type":"product","link":"https:\/\/vastervikmobilservice.se\/?product=datorfodral-brunt-flatat-lader","title":{"rendered":"Datorfodral | Brunt fl\u00e4tat l\u00e4der"},"content":{"rendered":"<p><strong class=\"mob-view\" style=\"font-weight: 400;font-family: Helvetica, sans-serif;font-size: 14px;font-style: normal;letter-spacing: normal;text-align: start;text-indent: 0px;text-transform: none;text-decoration: none\">\u2713 100% veganskt material<br \/>\n\u2713 Svensk design<br \/>\n\u2713 1-3 dagars leverans<br \/>\n\u2713 30 dagars retur<br \/>\n\u2713 Betala enkelt med Klarna<\/strong><\/p>\n<p class=\"visually-hidden\" data-loader-status=\"\" aria-live=\"assertive\" role=\"alert\" aria-hidden=\"true\" style=\"margin: -1px;font-size: 0.92857em;overflow: hidden;height: 1px;width: 1px;padding: 0px;border: 0px;position: absolute !important;font-family: Helvetica, sans-serif;font-style: normal;font-weight: 300;letter-spacing: normal;text-align: start;text-indent: 0px;text-transform: none;text-decoration: none\">L\u00e4gger till produkten i din varukorg<\/p>\n<div class=\"product-single__description rte\" style=\"margin-bottom: 0px;margin-top: 30px;font-family: Helvetica, sans-serif;font-size: 14px;font-style: normal;font-weight: 300;letter-spacing: normal;text-align: start;text-indent: 0px;text-transform: none;text-decoration: none\">\n<p data-mce-fragment=\"1\" style=\"margin: 0px 0px 19.44444px;font-size: 0.92857em\">Med Hermans datorfodral blir vardagen lite mer lyxig. Oavsett om du \u00e4r p\u00e5 v\u00e4g till en sk\u00f6n AW eller till ett m\u00f6te en m\u00e5ndagsmorgon h\u00e5ller du stilen med detta laptopfodral. Design med dragkedja och praktisk innerficka, detta datorfodral rymmer inte bara en laptop utan \u00e4ven pl\u00e5nbok, nycklar och annat du har med dig varje dag.<\/p>\n<ul data-mce-fragment=\"1\" style=\"margin: 0px 0px 17.5px 35px;padding: 0px\">\n<li data-mce-fragment=\"1\" style=\"margin-bottom: 0px\"><span data-mce-fragment=\"1\">Mix &amp; Match: Passar perfekt till Hermans korth\u00e5llare, necess\u00e4rer, mobilskal och nyckel-tags.<\/span><\/li>\n<\/ul>\n<p data-mce-fragment=\"1\" style=\"margin: 0px;font-size: 0.92857em\"><span data-mce-fragment=\"1\">Inv\u00e4ndig storlek, 13 tum:&nbsp;24 x&nbsp;34 cm<\/span><br \/>\n<span data-mce-fragment=\"1\">F\u00e4rg: Brunt fl\u00e4tat l\u00e4derm\u00f6nster<\/span><br \/>\n<span data-mce-fragment=\"1\">Material: Veganskt PU-l\u00e4der<br \/>\n\u00d6vrigt: Avtagbar handledsrem<\/span><\/p>\n<\/div>\n","protected":false},"excerpt":{"rendered":"<p>\u2713 100% veganskt material \u2713 Svensk design \u2713 1-3 dagars leverans \u2713 30 dagars retur \u2713 Betala enkelt med Klarna L\u00e4gger till produkten i din varukorg Med Hermans datorfodral blir vardagen lite mer lyxig. Oavsett om du \u00e4r p\u00e5 v\u00e4g till en sk\u00f6n AW eller till ett m\u00f6te en m\u00e5ndagsmorgon h\u00e5ller du stilen med detta [&hellip;]<\/p>\n","protected":false},"featured_media":2971,"comment_status":"open","ping_status":"closed","template":"","meta":{"iawp_total_views":52},"product_brand":[],"product_cat":[31,97],"product_tag":[],"class_list":{"0":"post-2972","1":"product","2":"type-product","3":"status-publish","4":"has-post-thumbnail","6":"product_cat-okategoriserad","7":"product_cat-datorfodral","9":"first","10":"instock","11":"sale","12":"taxable","13":"shipping-taxable","14":"purchasable","15":"product-type-simple"},"yoast_head":"<!-- This site is optimized with the Yoast SEO Premium plugin v22.4 (Yoast SEO v25.5) - https:\/\/yoast.com\/wordpress\/plugins\/seo\/ -->\n<title>Datorfodral | Brunt fl\u00e4tat l\u00e4der - V\u00e4sterviks Mobilservice<\/title>\n<meta name=\"robots\" content=\"index, follow, max-snippet:-1, max-image-preview:large, max-video-preview:-1\" \/>\n<link rel=\"canonical\" href=\"https:\/\/vastervikmobilservice.se\/?product=datorfodral-brunt-flatat-lader\" \/>\n<meta property=\"og:locale\" content=\"sv_SE\" \/>\n<meta property=\"og:type\" content=\"article\" \/>\n<meta property=\"og:title\" content=\"Datorfodral | Brunt fl\u00e4tat l\u00e4der\" \/>\n<meta property=\"og:description\" content=\"\u2713 100% veganskt material \u2713 Svensk design \u2713 1-3 dagars leverans \u2713 30 dagars retur \u2713 Betala enkelt med Klarna L\u00e4gger till produkten i din varukorg Med Hermans datorfodral blir vardagen lite mer lyxig. Oavsett om du \u00e4r p\u00e5 v\u00e4g till en sk\u00f6n AW eller till ett m\u00f6te en m\u00e5ndagsmorgon h\u00e5ller du stilen med detta [&hellip;]\" \/>\n<meta property=\"og:url\" content=\"https:\/\/vastervikmobilservice.se\/?product=datorfodral-brunt-flatat-lader\" \/>\n<meta property=\"og:site_name\" content=\"V\u00e4sterviks Mobilservice\" \/>\n<meta property=\"article:modified_time\" content=\"2026-01-29T18:41:30+00:00\" \/>\n<meta property=\"og:image\" content=\"https:\/\/vastervikmobilservice.se\/wp-content\/uploads\/2024\/08\/img_1103.jpeg\" \/>\n\t<meta property=\"og:image:width\" content=\"1296\" \/>\n\t<meta property=\"og:image:height\" content=\"1296\" \/>\n\t<meta property=\"og:image:type\" content=\"image\/jpeg\" \/>\n<meta name=\"twitter:card\" content=\"summary_large_image\" \/>\n<meta name=\"twitter:label1\" content=\"Ber\u00e4knad l\u00e4stid\" \/>\n\t<meta name=\"twitter:data1\" content=\"1 minut\" \/>\n<script type=\"application\/ld+json\" class=\"yoast-schema-graph\">{\"@context\":\"https:\/\/schema.org\",\"@graph\":[{\"@type\":\"WebPage\",\"@id\":\"https:\/\/vastervikmobilservice.se\/?product=datorfodral-brunt-flatat-lader\",\"url\":\"https:\/\/vastervikmobilservice.se\/?product=datorfodral-brunt-flatat-lader\",\"name\":\"Datorfodral | Brunt fl\u00e4tat l\u00e4der - V\u00e4sterviks Mobilservice\",\"isPartOf\":{\"@id\":\"https:\/\/vastervikmobilservice.se\/#website\"},\"primaryImageOfPage\":{\"@id\":\"https:\/\/vastervikmobilservice.se\/?product=datorfodral-brunt-flatat-lader#primaryimage\"},\"image\":{\"@id\":\"https:\/\/vastervikmobilservice.se\/?product=datorfodral-brunt-flatat-lader#primaryimage\"},\"thumbnailUrl\":\"https:\/\/vastervikmobilservice.se\/wp-content\/uploads\/2024\/08\/img_1103.jpeg\",\"datePublished\":\"2024-08-19T21:01:18+00:00\",\"dateModified\":\"2026-01-29T18:41:30+00:00\",\"breadcrumb\":{\"@id\":\"https:\/\/vastervikmobilservice.se\/?product=datorfodral-brunt-flatat-lader#breadcrumb\"},\"inLanguage\":\"sv-SE\",\"potentialAction\":[{\"@type\":\"ReadAction\",\"target\":[\"https:\/\/vastervikmobilservice.se\/?product=datorfodral-brunt-flatat-lader\"]}]},{\"@type\":\"ImageObject\",\"inLanguage\":\"sv-SE\",\"@id\":\"https:\/\/vastervikmobilservice.se\/?product=datorfodral-brunt-flatat-lader#primaryimage\",\"url\":\"https:\/\/vastervikmobilservice.se\/wp-content\/uploads\/2024\/08\/img_1103.jpeg\",\"contentUrl\":\"https:\/\/vastervikmobilservice.se\/wp-content\/uploads\/2024\/08\/img_1103.jpeg\",\"width\":1296,\"height\":1296},{\"@type\":\"BreadcrumbList\",\"@id\":\"https:\/\/vastervikmobilservice.se\/?product=datorfodral-brunt-flatat-lader#breadcrumb\",\"itemListElement\":[{\"@type\":\"ListItem\",\"position\":1,\"name\":\"Home\",\"item\":\"https:\/\/vastervikmobilservice.se\/\"},{\"@type\":\"ListItem\",\"position\":2,\"name\":\"Produkter\",\"item\":\"https:\/\/vastervikmobilservice.se\/products\/\"},{\"@type\":\"ListItem\",\"position\":3,\"name\":\"Datorfodral | Brunt fl\u00e4tat l\u00e4der\"}]},{\"@type\":\"WebSite\",\"@id\":\"https:\/\/vastervikmobilservice.se\/#website\",\"url\":\"https:\/\/vastervikmobilservice.se\/\",\"name\":\"V\u00e4sterviks Mobilservice\",\"description\":\"Din expert p\u00e5 mobilreparationer och elektronikservice\",\"publisher\":{\"@id\":\"https:\/\/vastervikmobilservice.se\/#organization\"},\"potentialAction\":[{\"@type\":\"SearchAction\",\"target\":{\"@type\":\"EntryPoint\",\"urlTemplate\":\"https:\/\/vastervikmobilservice.se\/?s={search_term_string}\"},\"query-input\":{\"@type\":\"PropertyValueSpecification\",\"valueRequired\":true,\"valueName\":\"search_term_string\"}}],\"inLanguage\":\"sv-SE\"},{\"@type\":\"Organization\",\"@id\":\"https:\/\/vastervikmobilservice.se\/#organization\",\"name\":\"V\u00e4sterviks Mobilservice\",\"url\":\"https:\/\/vastervikmobilservice.se\/\",\"logo\":{\"@type\":\"ImageObject\",\"inLanguage\":\"sv-SE\",\"@id\":\"https:\/\/vastervikmobilservice.se\/#\/schema\/logo\/image\/\",\"url\":\"https:\/\/vastervikmobilservice.se\/wp-content\/uploads\/2024\/03\/logga_vastervikmobilservice.webp\",\"contentUrl\":\"https:\/\/vastervikmobilservice.se\/wp-content\/uploads\/2024\/03\/logga_vastervikmobilservice.webp\",\"width\":1080,\"height\":1034,\"caption\":\"V\u00e4sterviks Mobilservice\"},\"image\":{\"@id\":\"https:\/\/vastervikmobilservice.se\/#\/schema\/logo\/image\/\"}}]}<\/script>\n<!-- \/ Yoast SEO Premium plugin. -->","yoast_head_json":{"title":"Datorfodral | Brunt fl\u00e4tat l\u00e4der - V\u00e4sterviks Mobilservice","robots":{"index":"index","follow":"follow","max-snippet":"max-snippet:-1","max-image-preview":"max-image-preview:large","max-video-preview":"max-video-preview:-1"},"canonical":"https:\/\/vastervikmobilservice.se\/?product=datorfodral-brunt-flatat-lader","og_locale":"sv_SE","og_type":"article","og_title":"Datorfodral | Brunt fl\u00e4tat l\u00e4der","og_description":"\u2713 100% veganskt material \u2713 Svensk design \u2713 1-3 dagars leverans \u2713 30 dagars retur \u2713 Betala enkelt med Klarna L\u00e4gger till produkten i din varukorg Med Hermans datorfodral blir vardagen lite mer lyxig. Oavsett om du \u00e4r p\u00e5 v\u00e4g till en sk\u00f6n AW eller till ett m\u00f6te en m\u00e5ndagsmorgon h\u00e5ller du stilen med detta [&hellip;]","og_url":"https:\/\/vastervikmobilservice.se\/?product=datorfodral-brunt-flatat-lader","og_site_name":"V\u00e4sterviks Mobilservice","article_modified_time":"2026-01-29T18:41:30+00:00","og_image":[{"width":1296,"height":1296,"url":"https:\/\/vastervikmobilservice.se\/wp-content\/uploads\/2024\/08\/img_1103.jpeg","type":"image\/jpeg"}],"twitter_card":"summary_large_image","twitter_misc":{"Ber\u00e4knad l\u00e4stid":"1 minut"},"schema":{"@context":"https:\/\/schema.org","@graph":[{"@type":"WebPage","@id":"https:\/\/vastervikmobilservice.se\/?product=datorfodral-brunt-flatat-lader","url":"https:\/\/vastervikmobilservice.se\/?product=datorfodral-brunt-flatat-lader","name":"Datorfodral | Brunt fl\u00e4tat l\u00e4der - V\u00e4sterviks Mobilservice","isPartOf":{"@id":"https:\/\/vastervikmobilservice.se\/#website"},"primaryImageOfPage":{"@id":"https:\/\/vastervikmobilservice.se\/?product=datorfodral-brunt-flatat-lader#primaryimage"},"image":{"@id":"https:\/\/vastervikmobilservice.se\/?product=datorfodral-brunt-flatat-lader#primaryimage"},"thumbnailUrl":"https:\/\/vastervikmobilservice.se\/wp-content\/uploads\/2024\/08\/img_1103.jpeg","datePublished":"2024-08-19T21:01:18+00:00","dateModified":"2026-01-29T18:41:30+00:00","breadcrumb":{"@id":"https:\/\/vastervikmobilservice.se\/?product=datorfodral-brunt-flatat-lader#breadcrumb"},"inLanguage":"sv-SE","potentialAction":[{"@type":"ReadAction","target":["https:\/\/vastervikmobilservice.se\/?product=datorfodral-brunt-flatat-lader"]}]},{"@type":"ImageObject","inLanguage":"sv-SE","@id":"https:\/\/vastervikmobilservice.se\/?product=datorfodral-brunt-flatat-lader#primaryimage","url":"https:\/\/vastervikmobilservice.se\/wp-content\/uploads\/2024\/08\/img_1103.jpeg","contentUrl":"https:\/\/vastervikmobilservice.se\/wp-content\/uploads\/2024\/08\/img_1103.jpeg","width":1296,"height":1296},{"@type":"BreadcrumbList","@id":"https:\/\/vastervikmobilservice.se\/?product=datorfodral-brunt-flatat-lader#breadcrumb","itemListElement":[{"@type":"ListItem","position":1,"name":"Home","item":"https:\/\/vastervikmobilservice.se\/"},{"@type":"ListItem","position":2,"name":"Produkter","item":"https:\/\/vastervikmobilservice.se\/products\/"},{"@type":"ListItem","position":3,"name":"Datorfodral | Brunt fl\u00e4tat l\u00e4der"}]},{"@type":"WebSite","@id":"https:\/\/vastervikmobilservice.se\/#website","url":"https:\/\/vastervikmobilservice.se\/","name":"V\u00e4sterviks Mobilservice","description":"Din expert p\u00e5 mobilreparationer och elektronikservice","publisher":{"@id":"https:\/\/vastervikmobilservice.se\/#organization"},"potentialAction":[{"@type":"SearchAction","target":{"@type":"EntryPoint","urlTemplate":"https:\/\/vastervikmobilservice.se\/?s={search_term_string}"},"query-input":{"@type":"PropertyValueSpecification","valueRequired":true,"valueName":"search_term_string"}}],"inLanguage":"sv-SE"},{"@type":"Organization","@id":"https:\/\/vastervikmobilservice.se\/#organization","name":"V\u00e4sterviks Mobilservice","url":"https:\/\/vastervikmobilservice.se\/","logo":{"@type":"ImageObject","inLanguage":"sv-SE","@id":"https:\/\/vastervikmobilservice.se\/#\/schema\/logo\/image\/","url":"https:\/\/vastervikmobilservice.se\/wp-content\/uploads\/2024\/03\/logga_vastervikmobilservice.webp","contentUrl":"https:\/\/vastervikmobilservice.se\/wp-content\/uploads\/2024\/03\/logga_vastervikmobilservice.webp","width":1080,"height":1034,"caption":"V\u00e4sterviks Mobilservice"},"image":{"@id":"https:\/\/vastervikmobilservice.se\/#\/schema\/logo\/image\/"}}]}},"jetpack_sharing_enabled":true,"_links":{"self":[{"href":"https:\/\/vastervikmobilservice.se\/index.php?rest_route=\/wp\/v2\/product\/2972","targetHints":{"allow":["GET"]}}],"collection":[{"href":"https:\/\/vastervikmobilservice.se\/index.php?rest_route=\/wp\/v2\/product"}],"about":[{"href":"https:\/\/vastervikmobilservice.se\/index.php?rest_route=\/wp\/v2\/types\/product"}],"replies":[{"embeddable":true,"href":"https:\/\/vastervikmobilservice.se\/index.php?rest_route=%2Fwp%2Fv2%2Fcomments&post=2972"}],"wp:featuredmedia":[{"embeddable":true,"href":"https:\/\/vastervikmobilservice.se\/index.php?rest_route=\/wp\/v2\/media\/2971"}],"wp:attachment":[{"href":"https:\/\/vastervikmobilservice.se\/index.php?rest_route=%2Fwp%2Fv2%2Fmedia&parent=2972"}],"wp:term":[{"taxonomy":"product_brand","embeddable":true,"href":"https:\/\/vastervikmobilservice.se\/index.php?rest_route=%2Fwp%2Fv2%2Fproduct_brand&post=2972"},{"taxonomy":"product_cat","embeddable":true,"href":"https:\/\/vastervikmobilservice.se\/index.php?rest_route=%2Fwp%2Fv2%2Fproduct_cat&post=2972"},{"taxonomy":"product_tag","embeddable":true,"href":"https:\/\/vastervikmobilservice.se\/index.php?rest_route=%2Fwp%2Fv2%2Fproduct_tag&post=2972"}],"curies":[{"name":"wp","href":"https:\/\/api.w.org\/{rel}","templated":true}]}}