{"id":2731,"date":"2024-08-17T15:25:11","date_gmt":"2024-08-17T15:25:11","guid":{"rendered":"https:\/\/vastervikmobilservice.se\/?post_type=product&#038;p=2731"},"modified":"2026-01-29T18:58:49","modified_gmt":"2026-01-29T18:58:49","slug":"korthallare-morkgront-lader","status":"publish","type":"product","link":"https:\/\/vastervikmobilservice.se\/?product=korthallare-morkgront-lader","title":{"rendered":"Korth\u00e5llare | M\u00f6rkgr\u00f6nt l\u00e4der"},"content":{"rendered":"<p><strong class=\"desk-view\">\u2713 100% veganskt material<br \/>\n\u2713 Svensk design<br \/>\n\u2713 1-3 dagars leverans<br \/>\n\u2713 30 dagars retur<br \/>\n\u2713 Betala enkelt med Klarna<\/strong><\/p>\n<p class=\"visually-hidden\" role=\"alert\" data-loader-status=\"\" aria-live=\"assertive\" aria-hidden=\"true\">L\u00e4gger till produkten i din varukorg<\/p>\n<div class=\"product-single__description rte\">\n<p>Elegant och stilren korth\u00e5llare\u00a0med\u00a0fyra kortfack och ett mittenfack f\u00f6r sedlar.\u00a0Kan b\u00e4ras i innerfickan utan att ta f\u00f6r mycket plats.\u00a0Hermans korth\u00e5llare \u00e4r handgjorda i veganskt l\u00e4der.<\/p>\n<ul>\n<li>Mix &amp; Match: Passar perfekt till Hermans\u00a0<a href=\"https:\/\/hermanaccessory.se\/collections\/datorfodral\">datorfodral<\/a>, necess\u00e4rer, mobilskal och nyckel-tags.<\/li>\n<\/ul>\n<p>Storlek: 10,5 x 7,3 cm<br \/>\nF\u00e4rg: M\u00f6rkgr\u00f6nt l\u00e4derm\u00f6nster<br \/>\nMaterial: Veganskt PU-l\u00e4der<\/p>\n<\/div>\n","protected":false},"excerpt":{"rendered":"<p>\u2713 100% veganskt material \u2713 Svensk design \u2713 1-3 dagars leverans \u2713 30 dagars retur \u2713 Betala enkelt med Klarna L\u00e4gger till produkten i din varukorg Elegant och stilren korth\u00e5llare\u00a0med\u00a0fyra kortfack och ett mittenfack f\u00f6r sedlar.\u00a0Kan b\u00e4ras i innerfickan utan att ta f\u00f6r mycket plats.\u00a0Hermans korth\u00e5llare \u00e4r handgjorda i veganskt l\u00e4der. Mix &amp; Match: Passar [&hellip;]<\/p>\n","protected":false},"featured_media":2733,"comment_status":"open","ping_status":"closed","template":"","meta":{"iawp_total_views":6},"product_brand":[],"product_cat":[98],"product_tag":[],"class_list":{"0":"post-2731","1":"product","2":"type-product","3":"status-publish","4":"has-post-thumbnail","6":"product_cat-korthallare","8":"first","9":"instock","10":"sale","11":"taxable","12":"shipping-taxable","13":"purchasable","14":"product-type-simple"},"yoast_head":"<!-- This site is optimized with the Yoast SEO Premium plugin v22.4 (Yoast SEO v25.5) - https:\/\/yoast.com\/wordpress\/plugins\/seo\/ -->\n<title>Korth\u00e5llare | M\u00f6rkgr\u00f6nt l\u00e4der - V\u00e4sterviks Mobilservice<\/title>\n<meta name=\"robots\" content=\"index, follow, max-snippet:-1, max-image-preview:large, max-video-preview:-1\" \/>\n<link rel=\"canonical\" href=\"https:\/\/vastervikmobilservice.se\/?product=korthallare-morkgront-lader\" \/>\n<meta property=\"og:locale\" content=\"sv_SE\" \/>\n<meta property=\"og:type\" content=\"article\" \/>\n<meta property=\"og:title\" content=\"Korth\u00e5llare | M\u00f6rkgr\u00f6nt l\u00e4der\" \/>\n<meta property=\"og:description\" content=\"\u2713 100% veganskt material \u2713 Svensk design \u2713 1-3 dagars leverans \u2713 30 dagars retur \u2713 Betala enkelt med Klarna L\u00e4gger till produkten i din varukorg Elegant och stilren korth\u00e5llare\u00a0med\u00a0fyra kortfack och ett mittenfack f\u00f6r sedlar.\u00a0Kan b\u00e4ras i innerfickan utan att ta f\u00f6r mycket plats.\u00a0Hermans korth\u00e5llare \u00e4r handgjorda i veganskt l\u00e4der. Mix &amp; Match: Passar [&hellip;]\" \/>\n<meta property=\"og:url\" content=\"https:\/\/vastervikmobilservice.se\/?product=korthallare-morkgront-lader\" \/>\n<meta property=\"og:site_name\" content=\"V\u00e4sterviks Mobilservice\" \/>\n<meta property=\"article:modified_time\" content=\"2026-01-29T18:58:49+00:00\" \/>\n<meta property=\"og:image\" content=\"https:\/\/vastervikmobilservice.se\/wp-content\/uploads\/2024\/08\/Wallet_Green_01_110x110@2x.webp\" \/>\n\t<meta property=\"og:image:width\" content=\"220\" \/>\n\t<meta property=\"og:image:height\" content=\"220\" \/>\n\t<meta property=\"og:image:type\" content=\"image\/webp\" \/>\n<meta name=\"twitter:card\" content=\"summary_large_image\" \/>\n<meta name=\"twitter:label1\" content=\"Ber\u00e4knad l\u00e4stid\" \/>\n\t<meta name=\"twitter:data1\" content=\"1 minut\" \/>\n<script type=\"application\/ld+json\" class=\"yoast-schema-graph\">{\"@context\":\"https:\/\/schema.org\",\"@graph\":[{\"@type\":\"WebPage\",\"@id\":\"https:\/\/vastervikmobilservice.se\/?product=korthallare-morkgront-lader\",\"url\":\"https:\/\/vastervikmobilservice.se\/?product=korthallare-morkgront-lader\",\"name\":\"Korth\u00e5llare | M\u00f6rkgr\u00f6nt l\u00e4der - V\u00e4sterviks Mobilservice\",\"isPartOf\":{\"@id\":\"https:\/\/vastervikmobilservice.se\/#website\"},\"primaryImageOfPage\":{\"@id\":\"https:\/\/vastervikmobilservice.se\/?product=korthallare-morkgront-lader#primaryimage\"},\"image\":{\"@id\":\"https:\/\/vastervikmobilservice.se\/?product=korthallare-morkgront-lader#primaryimage\"},\"thumbnailUrl\":\"https:\/\/vastervikmobilservice.se\/wp-content\/uploads\/2024\/08\/Wallet_Green_01_110x110@2x.webp\",\"datePublished\":\"2024-08-17T15:25:11+00:00\",\"dateModified\":\"2026-01-29T18:58:49+00:00\",\"breadcrumb\":{\"@id\":\"https:\/\/vastervikmobilservice.se\/?product=korthallare-morkgront-lader#breadcrumb\"},\"inLanguage\":\"sv-SE\",\"potentialAction\":[{\"@type\":\"ReadAction\",\"target\":[\"https:\/\/vastervikmobilservice.se\/?product=korthallare-morkgront-lader\"]}]},{\"@type\":\"ImageObject\",\"inLanguage\":\"sv-SE\",\"@id\":\"https:\/\/vastervikmobilservice.se\/?product=korthallare-morkgront-lader#primaryimage\",\"url\":\"https:\/\/vastervikmobilservice.se\/wp-content\/uploads\/2024\/08\/Wallet_Green_01_110x110@2x.webp\",\"contentUrl\":\"https:\/\/vastervikmobilservice.se\/wp-content\/uploads\/2024\/08\/Wallet_Green_01_110x110@2x.webp\",\"width\":220,\"height\":220,\"caption\":\"Wallet_Green_01_110x110@2x\"},{\"@type\":\"BreadcrumbList\",\"@id\":\"https:\/\/vastervikmobilservice.se\/?product=korthallare-morkgront-lader#breadcrumb\",\"itemListElement\":[{\"@type\":\"ListItem\",\"position\":1,\"name\":\"Home\",\"item\":\"https:\/\/vastervikmobilservice.se\/\"},{\"@type\":\"ListItem\",\"position\":2,\"name\":\"Produkter\",\"item\":\"https:\/\/vastervikmobilservice.se\/products\/\"},{\"@type\":\"ListItem\",\"position\":3,\"name\":\"Korth\u00e5llare | M\u00f6rkgr\u00f6nt l\u00e4der\"}]},{\"@type\":\"WebSite\",\"@id\":\"https:\/\/vastervikmobilservice.se\/#website\",\"url\":\"https:\/\/vastervikmobilservice.se\/\",\"name\":\"V\u00e4sterviks Mobilservice\",\"description\":\"Din expert p\u00e5 mobilreparationer och elektronikservice\",\"publisher\":{\"@id\":\"https:\/\/vastervikmobilservice.se\/#organization\"},\"potentialAction\":[{\"@type\":\"SearchAction\",\"target\":{\"@type\":\"EntryPoint\",\"urlTemplate\":\"https:\/\/vastervikmobilservice.se\/?s={search_term_string}\"},\"query-input\":{\"@type\":\"PropertyValueSpecification\",\"valueRequired\":true,\"valueName\":\"search_term_string\"}}],\"inLanguage\":\"sv-SE\"},{\"@type\":\"Organization\",\"@id\":\"https:\/\/vastervikmobilservice.se\/#organization\",\"name\":\"V\u00e4sterviks Mobilservice\",\"url\":\"https:\/\/vastervikmobilservice.se\/\",\"logo\":{\"@type\":\"ImageObject\",\"inLanguage\":\"sv-SE\",\"@id\":\"https:\/\/vastervikmobilservice.se\/#\/schema\/logo\/image\/\",\"url\":\"https:\/\/vastervikmobilservice.se\/wp-content\/uploads\/2024\/03\/logga_vastervikmobilservice.webp\",\"contentUrl\":\"https:\/\/vastervikmobilservice.se\/wp-content\/uploads\/2024\/03\/logga_vastervikmobilservice.webp\",\"width\":1080,\"height\":1034,\"caption\":\"V\u00e4sterviks Mobilservice\"},\"image\":{\"@id\":\"https:\/\/vastervikmobilservice.se\/#\/schema\/logo\/image\/\"}}]}<\/script>\n<!-- \/ Yoast SEO Premium plugin. -->","yoast_head_json":{"title":"Korth\u00e5llare | M\u00f6rkgr\u00f6nt l\u00e4der - V\u00e4sterviks Mobilservice","robots":{"index":"index","follow":"follow","max-snippet":"max-snippet:-1","max-image-preview":"max-image-preview:large","max-video-preview":"max-video-preview:-1"},"canonical":"https:\/\/vastervikmobilservice.se\/?product=korthallare-morkgront-lader","og_locale":"sv_SE","og_type":"article","og_title":"Korth\u00e5llare | M\u00f6rkgr\u00f6nt l\u00e4der","og_description":"\u2713 100% veganskt material \u2713 Svensk design \u2713 1-3 dagars leverans \u2713 30 dagars retur \u2713 Betala enkelt med Klarna L\u00e4gger till produkten i din varukorg Elegant och stilren korth\u00e5llare\u00a0med\u00a0fyra kortfack och ett mittenfack f\u00f6r sedlar.\u00a0Kan b\u00e4ras i innerfickan utan att ta f\u00f6r mycket plats.\u00a0Hermans korth\u00e5llare \u00e4r handgjorda i veganskt l\u00e4der. Mix &amp; Match: Passar [&hellip;]","og_url":"https:\/\/vastervikmobilservice.se\/?product=korthallare-morkgront-lader","og_site_name":"V\u00e4sterviks Mobilservice","article_modified_time":"2026-01-29T18:58:49+00:00","og_image":[{"width":220,"height":220,"url":"https:\/\/vastervikmobilservice.se\/wp-content\/uploads\/2024\/08\/Wallet_Green_01_110x110@2x.webp","type":"image\/webp"}],"twitter_card":"summary_large_image","twitter_misc":{"Ber\u00e4knad l\u00e4stid":"1 minut"},"schema":{"@context":"https:\/\/schema.org","@graph":[{"@type":"WebPage","@id":"https:\/\/vastervikmobilservice.se\/?product=korthallare-morkgront-lader","url":"https:\/\/vastervikmobilservice.se\/?product=korthallare-morkgront-lader","name":"Korth\u00e5llare | M\u00f6rkgr\u00f6nt l\u00e4der - V\u00e4sterviks Mobilservice","isPartOf":{"@id":"https:\/\/vastervikmobilservice.se\/#website"},"primaryImageOfPage":{"@id":"https:\/\/vastervikmobilservice.se\/?product=korthallare-morkgront-lader#primaryimage"},"image":{"@id":"https:\/\/vastervikmobilservice.se\/?product=korthallare-morkgront-lader#primaryimage"},"thumbnailUrl":"https:\/\/vastervikmobilservice.se\/wp-content\/uploads\/2024\/08\/Wallet_Green_01_110x110@2x.webp","datePublished":"2024-08-17T15:25:11+00:00","dateModified":"2026-01-29T18:58:49+00:00","breadcrumb":{"@id":"https:\/\/vastervikmobilservice.se\/?product=korthallare-morkgront-lader#breadcrumb"},"inLanguage":"sv-SE","potentialAction":[{"@type":"ReadAction","target":["https:\/\/vastervikmobilservice.se\/?product=korthallare-morkgront-lader"]}]},{"@type":"ImageObject","inLanguage":"sv-SE","@id":"https:\/\/vastervikmobilservice.se\/?product=korthallare-morkgront-lader#primaryimage","url":"https:\/\/vastervikmobilservice.se\/wp-content\/uploads\/2024\/08\/Wallet_Green_01_110x110@2x.webp","contentUrl":"https:\/\/vastervikmobilservice.se\/wp-content\/uploads\/2024\/08\/Wallet_Green_01_110x110@2x.webp","width":220,"height":220,"caption":"Wallet_Green_01_110x110@2x"},{"@type":"BreadcrumbList","@id":"https:\/\/vastervikmobilservice.se\/?product=korthallare-morkgront-lader#breadcrumb","itemListElement":[{"@type":"ListItem","position":1,"name":"Home","item":"https:\/\/vastervikmobilservice.se\/"},{"@type":"ListItem","position":2,"name":"Produkter","item":"https:\/\/vastervikmobilservice.se\/products\/"},{"@type":"ListItem","position":3,"name":"Korth\u00e5llare | M\u00f6rkgr\u00f6nt l\u00e4der"}]},{"@type":"WebSite","@id":"https:\/\/vastervikmobilservice.se\/#website","url":"https:\/\/vastervikmobilservice.se\/","name":"V\u00e4sterviks Mobilservice","description":"Din expert p\u00e5 mobilreparationer och elektronikservice","publisher":{"@id":"https:\/\/vastervikmobilservice.se\/#organization"},"potentialAction":[{"@type":"SearchAction","target":{"@type":"EntryPoint","urlTemplate":"https:\/\/vastervikmobilservice.se\/?s={search_term_string}"},"query-input":{"@type":"PropertyValueSpecification","valueRequired":true,"valueName":"search_term_string"}}],"inLanguage":"sv-SE"},{"@type":"Organization","@id":"https:\/\/vastervikmobilservice.se\/#organization","name":"V\u00e4sterviks Mobilservice","url":"https:\/\/vastervikmobilservice.se\/","logo":{"@type":"ImageObject","inLanguage":"sv-SE","@id":"https:\/\/vastervikmobilservice.se\/#\/schema\/logo\/image\/","url":"https:\/\/vastervikmobilservice.se\/wp-content\/uploads\/2024\/03\/logga_vastervikmobilservice.webp","contentUrl":"https:\/\/vastervikmobilservice.se\/wp-content\/uploads\/2024\/03\/logga_vastervikmobilservice.webp","width":1080,"height":1034,"caption":"V\u00e4sterviks Mobilservice"},"image":{"@id":"https:\/\/vastervikmobilservice.se\/#\/schema\/logo\/image\/"}}]}},"jetpack_sharing_enabled":true,"_links":{"self":[{"href":"https:\/\/vastervikmobilservice.se\/index.php?rest_route=\/wp\/v2\/product\/2731","targetHints":{"allow":["GET"]}}],"collection":[{"href":"https:\/\/vastervikmobilservice.se\/index.php?rest_route=\/wp\/v2\/product"}],"about":[{"href":"https:\/\/vastervikmobilservice.se\/index.php?rest_route=\/wp\/v2\/types\/product"}],"replies":[{"embeddable":true,"href":"https:\/\/vastervikmobilservice.se\/index.php?rest_route=%2Fwp%2Fv2%2Fcomments&post=2731"}],"wp:featuredmedia":[{"embeddable":true,"href":"https:\/\/vastervikmobilservice.se\/index.php?rest_route=\/wp\/v2\/media\/2733"}],"wp:attachment":[{"href":"https:\/\/vastervikmobilservice.se\/index.php?rest_route=%2Fwp%2Fv2%2Fmedia&parent=2731"}],"wp:term":[{"taxonomy":"product_brand","embeddable":true,"href":"https:\/\/vastervikmobilservice.se\/index.php?rest_route=%2Fwp%2Fv2%2Fproduct_brand&post=2731"},{"taxonomy":"product_cat","embeddable":true,"href":"https:\/\/vastervikmobilservice.se\/index.php?rest_route=%2Fwp%2Fv2%2Fproduct_cat&post=2731"},{"taxonomy":"product_tag","embeddable":true,"href":"https:\/\/vastervikmobilservice.se\/index.php?rest_route=%2Fwp%2Fv2%2Fproduct_tag&post=2731"}],"curies":[{"name":"wp","href":"https:\/\/api.w.org\/{rel}","templated":true}]}}