{"id":2396,"date":"2024-08-06T15:10:31","date_gmt":"2024-08-06T15:10:31","guid":{"rendered":"https:\/\/vastervikmobilservice.se\/?post_type=product&#038;p=2396"},"modified":"2026-01-29T18:44:34","modified_gmt":"2026-01-29T18:44:34","slug":"produkter","status":"publish","type":"product","link":"https:\/\/vastervikmobilservice.se\/?product=produkter","title":{"rendered":"Datorfodral | Svart l\u00e4der"},"content":{"rendered":"<p><strong class=\"desk-view\">\u2713 100% veganskt material<br \/>\n\u2713 Svensk design<br \/>\n\u2713 1-3 dagars leverans<br \/>\n\u2713 30 dagars retur<br \/>\n\u2713 Betala enkelt med Klarna<\/strong><\/p>\n<p class=\"visually-hidden\" role=\"alert\" data-loader-status=\"\" aria-live=\"assertive\" aria-hidden=\"true\">L\u00e4gger till produkten i din varukorg<\/p>\n<div class=\"product-single__description rte\">\n<p>Med Hermans datorfodral blir vardagen lite mer lyxig. Oavsett om du \u00e4r p\u00e5 v\u00e4g till en sk\u00f6n AW eller till ett m\u00f6te en m\u00e5ndagsmorgon h\u00e5ller du stilen med detta laptopfodral. Design med dragkedja och praktisk innerficka, detta laptopfodralrymmer inte bara en laptop utan \u00e4ven pl\u00e5nbok, nycklar och annat du har med dig varje dag.<\/p>\n<ul>\n<li>Mix &amp; Match: Passar perfekt till Hermans korth\u00e5llare, necess\u00e4rer, mobilskal och nyckel-tags.<\/li>\n<\/ul>\n<p>Inv\u00e4ndig storlek, 13 tum:\u00a024 x\u00a034 cm<br \/>\nInv\u00e4ndig storlek,\u00a015 tum: 27,5 x\u00a042 cm<br \/>\nF\u00e4rg: Svart l\u00e4derm\u00f6nster<br \/>\nMaterial: Veganskt PU-l\u00e4der<br \/>\n\u00d6vrigt: Avtagbar handledsrem<\/p>\n<\/div>\n","protected":false},"excerpt":{"rendered":"<p>\u2713 100% veganskt material \u2713 Svensk design \u2713 1-3 dagars leverans \u2713 30 dagars retur \u2713 Betala enkelt med Klarna L\u00e4gger till produkten i din varukorg Med Hermans datorfodral blir vardagen lite mer lyxig. Oavsett om du \u00e4r p\u00e5 v\u00e4g till en sk\u00f6n AW eller till ett m\u00f6te en m\u00e5ndagsmorgon h\u00e5ller du stilen med detta [&hellip;]<\/p>\n","protected":false},"featured_media":2394,"comment_status":"open","ping_status":"closed","template":"","meta":{"iawp_total_views":12},"product_brand":[],"product_cat":[31,97],"product_tag":[],"class_list":{"0":"post-2396","1":"product","2":"type-product","3":"status-publish","4":"has-post-thumbnail","6":"product_cat-okategoriserad","7":"product_cat-datorfodral","9":"first","10":"instock","11":"sale","12":"taxable","13":"shipping-taxable","14":"purchasable","15":"product-type-simple"},"yoast_head":"<!-- This site is optimized with the Yoast SEO Premium plugin v22.4 (Yoast SEO v25.5) - https:\/\/yoast.com\/wordpress\/plugins\/seo\/ -->\n<title>Datorfodral | Svart l\u00e4der - V\u00e4sterviks Mobilservice<\/title>\n<meta name=\"description\" content=\"Vi s\u00e4ljer h\u00f6gkvalitativa produkter fr\u00e5n Herman \u2013 d\u00e4r skandinavisk design m\u00f6ter funktionalitet. Uppt\u00e4ck ett brett utbud av stilrena m\u00f6bler och inredningsdetaljer som kombinerar estetik och h\u00e5llbarhet f\u00f6r ditt hem.\" \/>\n<meta name=\"robots\" content=\"index, follow, max-snippet:-1, max-image-preview:large, max-video-preview:-1\" \/>\n<link rel=\"canonical\" href=\"https:\/\/vastervikmobilservice.se\/?product=produkter\" \/>\n<meta property=\"og:locale\" content=\"sv_SE\" \/>\n<meta property=\"og:type\" content=\"article\" \/>\n<meta property=\"og:title\" content=\"Datorfodral | Svart l\u00e4der\" \/>\n<meta property=\"og:description\" content=\"Vi s\u00e4ljer h\u00f6gkvalitativa produkter fr\u00e5n Herman \u2013 d\u00e4r skandinavisk design m\u00f6ter funktionalitet. Uppt\u00e4ck ett brett utbud av stilrena m\u00f6bler och inredningsdetaljer som kombinerar estetik och h\u00e5llbarhet f\u00f6r ditt hem.\" \/>\n<meta property=\"og:url\" content=\"https:\/\/vastervikmobilservice.se\/?product=produkter\" \/>\n<meta property=\"og:site_name\" content=\"V\u00e4sterviks Mobilservice\" \/>\n<meta property=\"article:modified_time\" content=\"2026-01-29T18:44:34+00:00\" \/>\n<meta property=\"og:image\" content=\"https:\/\/vastervikmobilservice.se\/wp-content\/uploads\/2024\/08\/Datorfodral_2_04_1_1024x1024@2x.webp\" \/>\n\t<meta property=\"og:image:width\" content=\"2048\" \/>\n\t<meta property=\"og:image:height\" content=\"2048\" \/>\n\t<meta property=\"og:image:type\" content=\"image\/webp\" \/>\n<meta name=\"twitter:card\" content=\"summary_large_image\" \/>\n<meta name=\"twitter:label1\" content=\"Ber\u00e4knad l\u00e4stid\" \/>\n\t<meta name=\"twitter:data1\" content=\"1 minut\" \/>\n<script type=\"application\/ld+json\" class=\"yoast-schema-graph\">{\"@context\":\"https:\/\/schema.org\",\"@graph\":[{\"@type\":\"WebPage\",\"@id\":\"https:\/\/vastervikmobilservice.se\/?product=produkter\",\"url\":\"https:\/\/vastervikmobilservice.se\/?product=produkter\",\"name\":\"Datorfodral | Svart l\u00e4der - V\u00e4sterviks Mobilservice\",\"isPartOf\":{\"@id\":\"https:\/\/vastervikmobilservice.se\/#website\"},\"primaryImageOfPage\":{\"@id\":\"https:\/\/vastervikmobilservice.se\/?product=produkter#primaryimage\"},\"image\":{\"@id\":\"https:\/\/vastervikmobilservice.se\/?product=produkter#primaryimage\"},\"thumbnailUrl\":\"https:\/\/vastervikmobilservice.se\/wp-content\/uploads\/2024\/08\/Datorfodral_2_04_1_1024x1024@2x.webp\",\"datePublished\":\"2024-08-06T15:10:31+00:00\",\"dateModified\":\"2026-01-29T18:44:34+00:00\",\"description\":\"Vi s\u00e4ljer h\u00f6gkvalitativa produkter fr\u00e5n Herman \u2013 d\u00e4r skandinavisk design m\u00f6ter funktionalitet. Uppt\u00e4ck ett brett utbud av stilrena m\u00f6bler och inredningsdetaljer som kombinerar estetik och h\u00e5llbarhet f\u00f6r ditt hem.\",\"breadcrumb\":{\"@id\":\"https:\/\/vastervikmobilservice.se\/?product=produkter#breadcrumb\"},\"inLanguage\":\"sv-SE\",\"potentialAction\":[{\"@type\":\"ReadAction\",\"target\":[\"https:\/\/vastervikmobilservice.se\/?product=produkter\"]}]},{\"@type\":\"ImageObject\",\"inLanguage\":\"sv-SE\",\"@id\":\"https:\/\/vastervikmobilservice.se\/?product=produkter#primaryimage\",\"url\":\"https:\/\/vastervikmobilservice.se\/wp-content\/uploads\/2024\/08\/Datorfodral_2_04_1_1024x1024@2x.webp\",\"contentUrl\":\"https:\/\/vastervikmobilservice.se\/wp-content\/uploads\/2024\/08\/Datorfodral_2_04_1_1024x1024@2x.webp\",\"width\":2048,\"height\":2048,\"caption\":\"Datorfodral_2_04_1_1024x1024@2x\"},{\"@type\":\"BreadcrumbList\",\"@id\":\"https:\/\/vastervikmobilservice.se\/?product=produkter#breadcrumb\",\"itemListElement\":[{\"@type\":\"ListItem\",\"position\":1,\"name\":\"Home\",\"item\":\"https:\/\/vastervikmobilservice.se\/\"},{\"@type\":\"ListItem\",\"position\":2,\"name\":\"Produkter\",\"item\":\"https:\/\/vastervikmobilservice.se\/products\/\"},{\"@type\":\"ListItem\",\"position\":3,\"name\":\"Datorfodral | Svart l\u00e4der\"}]},{\"@type\":\"WebSite\",\"@id\":\"https:\/\/vastervikmobilservice.se\/#website\",\"url\":\"https:\/\/vastervikmobilservice.se\/\",\"name\":\"V\u00e4sterviks Mobilservice\",\"description\":\"Din expert p\u00e5 mobilreparationer och elektronikservice\",\"publisher\":{\"@id\":\"https:\/\/vastervikmobilservice.se\/#organization\"},\"potentialAction\":[{\"@type\":\"SearchAction\",\"target\":{\"@type\":\"EntryPoint\",\"urlTemplate\":\"https:\/\/vastervikmobilservice.se\/?s={search_term_string}\"},\"query-input\":{\"@type\":\"PropertyValueSpecification\",\"valueRequired\":true,\"valueName\":\"search_term_string\"}}],\"inLanguage\":\"sv-SE\"},{\"@type\":\"Organization\",\"@id\":\"https:\/\/vastervikmobilservice.se\/#organization\",\"name\":\"V\u00e4sterviks Mobilservice\",\"url\":\"https:\/\/vastervikmobilservice.se\/\",\"logo\":{\"@type\":\"ImageObject\",\"inLanguage\":\"sv-SE\",\"@id\":\"https:\/\/vastervikmobilservice.se\/#\/schema\/logo\/image\/\",\"url\":\"https:\/\/vastervikmobilservice.se\/wp-content\/uploads\/2024\/03\/logga_vastervikmobilservice.webp\",\"contentUrl\":\"https:\/\/vastervikmobilservice.se\/wp-content\/uploads\/2024\/03\/logga_vastervikmobilservice.webp\",\"width\":1080,\"height\":1034,\"caption\":\"V\u00e4sterviks Mobilservice\"},\"image\":{\"@id\":\"https:\/\/vastervikmobilservice.se\/#\/schema\/logo\/image\/\"}}]}<\/script>\n<!-- \/ Yoast SEO Premium plugin. -->","yoast_head_json":{"title":"Datorfodral | Svart l\u00e4der - V\u00e4sterviks Mobilservice","description":"Vi s\u00e4ljer h\u00f6gkvalitativa produkter fr\u00e5n Herman \u2013 d\u00e4r skandinavisk design m\u00f6ter funktionalitet. Uppt\u00e4ck ett brett utbud av stilrena m\u00f6bler och inredningsdetaljer som kombinerar estetik och h\u00e5llbarhet f\u00f6r ditt hem.","robots":{"index":"index","follow":"follow","max-snippet":"max-snippet:-1","max-image-preview":"max-image-preview:large","max-video-preview":"max-video-preview:-1"},"canonical":"https:\/\/vastervikmobilservice.se\/?product=produkter","og_locale":"sv_SE","og_type":"article","og_title":"Datorfodral | Svart l\u00e4der","og_description":"Vi s\u00e4ljer h\u00f6gkvalitativa produkter fr\u00e5n Herman \u2013 d\u00e4r skandinavisk design m\u00f6ter funktionalitet. Uppt\u00e4ck ett brett utbud av stilrena m\u00f6bler och inredningsdetaljer som kombinerar estetik och h\u00e5llbarhet f\u00f6r ditt hem.","og_url":"https:\/\/vastervikmobilservice.se\/?product=produkter","og_site_name":"V\u00e4sterviks Mobilservice","article_modified_time":"2026-01-29T18:44:34+00:00","og_image":[{"width":2048,"height":2048,"url":"https:\/\/vastervikmobilservice.se\/wp-content\/uploads\/2024\/08\/Datorfodral_2_04_1_1024x1024@2x.webp","type":"image\/webp"}],"twitter_card":"summary_large_image","twitter_misc":{"Ber\u00e4knad l\u00e4stid":"1 minut"},"schema":{"@context":"https:\/\/schema.org","@graph":[{"@type":"WebPage","@id":"https:\/\/vastervikmobilservice.se\/?product=produkter","url":"https:\/\/vastervikmobilservice.se\/?product=produkter","name":"Datorfodral | Svart l\u00e4der - V\u00e4sterviks Mobilservice","isPartOf":{"@id":"https:\/\/vastervikmobilservice.se\/#website"},"primaryImageOfPage":{"@id":"https:\/\/vastervikmobilservice.se\/?product=produkter#primaryimage"},"image":{"@id":"https:\/\/vastervikmobilservice.se\/?product=produkter#primaryimage"},"thumbnailUrl":"https:\/\/vastervikmobilservice.se\/wp-content\/uploads\/2024\/08\/Datorfodral_2_04_1_1024x1024@2x.webp","datePublished":"2024-08-06T15:10:31+00:00","dateModified":"2026-01-29T18:44:34+00:00","description":"Vi s\u00e4ljer h\u00f6gkvalitativa produkter fr\u00e5n Herman \u2013 d\u00e4r skandinavisk design m\u00f6ter funktionalitet. Uppt\u00e4ck ett brett utbud av stilrena m\u00f6bler och inredningsdetaljer som kombinerar estetik och h\u00e5llbarhet f\u00f6r ditt hem.","breadcrumb":{"@id":"https:\/\/vastervikmobilservice.se\/?product=produkter#breadcrumb"},"inLanguage":"sv-SE","potentialAction":[{"@type":"ReadAction","target":["https:\/\/vastervikmobilservice.se\/?product=produkter"]}]},{"@type":"ImageObject","inLanguage":"sv-SE","@id":"https:\/\/vastervikmobilservice.se\/?product=produkter#primaryimage","url":"https:\/\/vastervikmobilservice.se\/wp-content\/uploads\/2024\/08\/Datorfodral_2_04_1_1024x1024@2x.webp","contentUrl":"https:\/\/vastervikmobilservice.se\/wp-content\/uploads\/2024\/08\/Datorfodral_2_04_1_1024x1024@2x.webp","width":2048,"height":2048,"caption":"Datorfodral_2_04_1_1024x1024@2x"},{"@type":"BreadcrumbList","@id":"https:\/\/vastervikmobilservice.se\/?product=produkter#breadcrumb","itemListElement":[{"@type":"ListItem","position":1,"name":"Home","item":"https:\/\/vastervikmobilservice.se\/"},{"@type":"ListItem","position":2,"name":"Produkter","item":"https:\/\/vastervikmobilservice.se\/products\/"},{"@type":"ListItem","position":3,"name":"Datorfodral | Svart l\u00e4der"}]},{"@type":"WebSite","@id":"https:\/\/vastervikmobilservice.se\/#website","url":"https:\/\/vastervikmobilservice.se\/","name":"V\u00e4sterviks Mobilservice","description":"Din expert p\u00e5 mobilreparationer och elektronikservice","publisher":{"@id":"https:\/\/vastervikmobilservice.se\/#organization"},"potentialAction":[{"@type":"SearchAction","target":{"@type":"EntryPoint","urlTemplate":"https:\/\/vastervikmobilservice.se\/?s={search_term_string}"},"query-input":{"@type":"PropertyValueSpecification","valueRequired":true,"valueName":"search_term_string"}}],"inLanguage":"sv-SE"},{"@type":"Organization","@id":"https:\/\/vastervikmobilservice.se\/#organization","name":"V\u00e4sterviks Mobilservice","url":"https:\/\/vastervikmobilservice.se\/","logo":{"@type":"ImageObject","inLanguage":"sv-SE","@id":"https:\/\/vastervikmobilservice.se\/#\/schema\/logo\/image\/","url":"https:\/\/vastervikmobilservice.se\/wp-content\/uploads\/2024\/03\/logga_vastervikmobilservice.webp","contentUrl":"https:\/\/vastervikmobilservice.se\/wp-content\/uploads\/2024\/03\/logga_vastervikmobilservice.webp","width":1080,"height":1034,"caption":"V\u00e4sterviks Mobilservice"},"image":{"@id":"https:\/\/vastervikmobilservice.se\/#\/schema\/logo\/image\/"}}]}},"jetpack_sharing_enabled":true,"_links":{"self":[{"href":"https:\/\/vastervikmobilservice.se\/index.php?rest_route=\/wp\/v2\/product\/2396","targetHints":{"allow":["GET"]}}],"collection":[{"href":"https:\/\/vastervikmobilservice.se\/index.php?rest_route=\/wp\/v2\/product"}],"about":[{"href":"https:\/\/vastervikmobilservice.se\/index.php?rest_route=\/wp\/v2\/types\/product"}],"replies":[{"embeddable":true,"href":"https:\/\/vastervikmobilservice.se\/index.php?rest_route=%2Fwp%2Fv2%2Fcomments&post=2396"}],"wp:featuredmedia":[{"embeddable":true,"href":"https:\/\/vastervikmobilservice.se\/index.php?rest_route=\/wp\/v2\/media\/2394"}],"wp:attachment":[{"href":"https:\/\/vastervikmobilservice.se\/index.php?rest_route=%2Fwp%2Fv2%2Fmedia&parent=2396"}],"wp:term":[{"taxonomy":"product_brand","embeddable":true,"href":"https:\/\/vastervikmobilservice.se\/index.php?rest_route=%2Fwp%2Fv2%2Fproduct_brand&post=2396"},{"taxonomy":"product_cat","embeddable":true,"href":"https:\/\/vastervikmobilservice.se\/index.php?rest_route=%2Fwp%2Fv2%2Fproduct_cat&post=2396"},{"taxonomy":"product_tag","embeddable":true,"href":"https:\/\/vastervikmobilservice.se\/index.php?rest_route=%2Fwp%2Fv2%2Fproduct_tag&post=2396"}],"curies":[{"name":"wp","href":"https:\/\/api.w.org\/{rel}","templated":true}]}}